{"id":117,"date":"2023-05-20T16:27:21","date_gmt":"2023-05-20T14:27:21","guid":{"rendered":"https:\/\/blog.u-bourgogne.fr\/ajmgb\/?page_id=117"},"modified":"2023-11-26T23:07:10","modified_gmt":"2023-11-26T22:07:10","slug":"bien-etre-et-prevention","status":"publish","type":"page","link":"https:\/\/blog.ube.fr\/ajmgb\/bien-etre-et-prevention\/","title":{"rendered":"Bien-\u00eatre et Pr\u00e9vention"},"content":{"rendered":"<p>\ud83d\udcd4 <a style=\"font-size: 16px;\" href=\"https:\/\/www.isnar-img.com\/wp-content\/uploads\/2106-RPS-et-VSS-Guide-de-lISNAR-IMG.pdf\">Guide sur les Risques Psychosociaux et Violences Sexistes et Sexuelles de l&#8217;ISNAR-IMG<\/a><\/p>\n<p>\u2696 <strong>Conseils juridiques et m\u00e9diation<\/strong>, service gratuit et confidentiel propos\u00e9 par l&#8217;uB : <a href=\"https:\/\/ub-link.u-bourgogne.fr\/actualites\/profitez-de-conseils-juridiques-gratuits-a-la-clinique-de-droit.html\" rel=\"\">Clinique de droit<\/a> (les lundis entre 12h et 14h \u00e0 la Maison de l&#8217;Etudiant, <a href=\"mailto:clinique.droit.mediation@u-bourgogne.fr\">clinique.droit.mediation@u-bourgogne.fr<\/a>), plus d&#8217;infos sur cette <a href=\"https:\/\/blog.ube.fr\/ajmgb\/wp-content\/uploads\/sites\/188\/2023\/11\/UFR-Sante_presentation_clinique.pdf\" rel=\"\">pr\u00e9sentation<\/a><\/p>\n","protected":false},"excerpt":{"rendered":"<p>\ud83d\udcd4 Guide sur les Risques Psychosociaux et Violences Sexistes et Sexuelles de l&#8217;ISNAR-IMG \u2696 Conseils juridiques et m\u00e9diation, service gratuit et confidentiel propos\u00e9 par l&#8217;uB : Clinique de droit (les lundis entre 12h et 14h \u00e0 la Maison de l&#8217;Etudiant, clinique.droit.mediation@u-bourgogne.fr), plus d&#8217;infos sur cette pr\u00e9sentation<\/p>\n<p class=\"more-link-p\"><a class=\"btn btn-primary\" href=\"https:\/\/blog.ube.fr\/ajmgb\/bien-etre-et-prevention\/\">Voir plus &rarr;<\/a><\/p>\n","protected":false},"author":4923,"featured_media":0,"parent":0,"menu_order":0,"comment_status":"closed","ping_status":"closed","template":"","meta":{"_exactmetrics_skip_tracking":false,"_exactmetrics_sitenote_active":false,"_exactmetrics_sitenote_note":"","_exactmetrics_sitenote_category":0,"footnotes":""},"class_list":["post-117","page","type-page","status-publish","hentry"],"_links":{"self":[{"href":"https:\/\/blog.ube.fr\/ajmgb\/wp-json\/wp\/v2\/pages\/117","targetHints":{"allow":["GET"]}}],"collection":[{"href":"https:\/\/blog.ube.fr\/ajmgb\/wp-json\/wp\/v2\/pages"}],"about":[{"href":"https:\/\/blog.ube.fr\/ajmgb\/wp-json\/wp\/v2\/types\/page"}],"author":[{"embeddable":true,"href":"https:\/\/blog.ube.fr\/ajmgb\/wp-json\/wp\/v2\/users\/4923"}],"replies":[{"embeddable":true,"href":"https:\/\/blog.ube.fr\/ajmgb\/wp-json\/wp\/v2\/comments?post=117"}],"version-history":[{"count":6,"href":"https:\/\/blog.ube.fr\/ajmgb\/wp-json\/wp\/v2\/pages\/117\/revisions"}],"predecessor-version":[{"id":761,"href":"https:\/\/blog.ube.fr\/ajmgb\/wp-json\/wp\/v2\/pages\/117\/revisions\/761"}],"wp:attachment":[{"href":"https:\/\/blog.ube.fr\/ajmgb\/wp-json\/wp\/v2\/media?parent=117"}],"curies":[{"name":"wp","href":"https:\/\/api.w.org\/{rel}","templated":true}]}}