{"id":7,"date":"2017-04-28T16:46:17","date_gmt":"2017-04-28T14:46:17","guid":{"rendered":"http:\/\/blog.u-bourgogne.fr\/afrj\/?page_id=7"},"modified":"2017-05-24T21:59:37","modified_gmt":"2017-05-24T19:59:37","slug":"presidentafrj","status":"publish","type":"page","link":"https:\/\/blog.ube.fr\/afrj\/presidentafrj\/","title":{"rendered":"PRESIDENT"},"content":{"rendered":"<h1 style=\"text-align: center\">L&#8217;Association Franco-Roumaine de la Jeunesse est\u00a0pr\u00e9sid\u00e9e par :<\/h1>\n<p>&nbsp;<\/p>\n<h2 style=\"text-align: center\"><span style=\"color: #0000ff\"><strong>Adrian Ionescu<\/strong><\/span><\/h2>\n<div id=\"attachment_23\" style=\"width: 970px\" class=\"wp-caption aligncenter\"><img loading=\"lazy\" decoding=\"async\" aria-describedby=\"caption-attachment-23\" class=\"https:\/\/www.facebook.com\/LAFRJ wp-image-23 size-full\" src=\"http:\/\/blog.ube.fr\/afrj\/wp-content\/uploads\/sites\/82\/2017\/04\/16118010_10202433024062520_1752875117_n.jpg\" alt=\"\" width=\"960\" height=\"640\" srcset=\"https:\/\/blog.ube.fr\/afrj\/wp-content\/uploads\/sites\/82\/2017\/04\/16118010_10202433024062520_1752875117_n.jpg 960w, https:\/\/blog.ube.fr\/afrj\/wp-content\/uploads\/sites\/82\/2017\/04\/16118010_10202433024062520_1752875117_n-768x512.jpg 768w\" sizes=\"auto, (max-width: 960px) 100vw, 960px\" \/><\/p>\n<p id=\"caption-attachment-23\" class=\"wp-caption-text\"><strong>\u00a0\u00a0\u00a0\u00a0\u00a0\u00a0\u00a0\u00a0\u00a0\u00a0\u00a0\u00a0\u00a0\u00a0\u00a0\u00a0\u00a0\u00a0\u00a0\u00a0\u00a0\u00a0\u00a0\u00a0\u00a0\u00a0\u00a0\u00a0\u00a0\u00a0\u00a0\u00a0\u00a0\u00a0\u00a0\u00a0\u00a0\u00a0\u00a0\u00a0\u00a0\u00a0\u00a0\u00a0\u00a0\u00a0\u00a0\u00a0\u00a0\u00a0\u00a0\u00a0\u00a0\u00a0\u00a0\u00a0\u00a0\u00a0\u00a0\u00a0\u00a0\u00a0\u00a0\u00a0\u00a0\u00a0\u00a0\u00a0 \u00a0\u00a0Adrian IONESCU &#8211; Pr\u00e9sident de l&#8217;association<\/strong><\/p>\n<\/div>\n<div><\/div>\n<div><\/div>\n<div><\/div>\n<div><\/div>\n<div style=\"text-align: center\"><strong><em><span style=\"font-family: book antiqua,palatino,serif;font-size: 18pt\">Je suis \u00e9tudiant \u00e0 l&#8217;Universit\u00e9 de Bourgogne-Franche-Comt\u00e9.<\/span><\/em><\/strong><\/div>\n<div style=\"text-align: center\"><\/div>\n<div style=\"text-align: center\"><strong><em><span style=\"font-family: book antiqua,palatino,serif;font-size: 18pt\">Cette ann\u00e9e, je suis en derni\u00e8re ann\u00e9e de\u00a0Langues Etrang\u00e8res Appliqu\u00e9es (Anglais\/Italien).<\/span><\/em><\/strong><\/div>\n<div style=\"text-align: center\"><strong><em><span style=\"font-family: book antiqua,palatino,serif;font-size: 18pt\">\u00a0<\/span><\/em><\/strong><\/div>\n<div style=\"text-align: center\"><span style=\"font-family: book antiqua,palatino,serif;font-size: 18pt\"><strong><em>Je m&#8217;implique depuis plusieurs ann\u00e9es dans le monde associatif,<\/em> <em>la cr\u00e9ation et le soutien de plusieurs projets audiovisuels, cr\u00e9ation\/participation \u00e0 des recueils \u00e9crits contre les discriminations, festivals, vernissages, expositions<\/em><\/strong>&#8230;<\/span><\/div>\n<div><span style=\"font-family: book antiqua,palatino,serif;font-size: 18pt\">\u00a0<\/span><\/div>\n<blockquote>\n<div style=\"text-align: center\"><em><strong><span style=\"font-family: book antiqua,palatino,serif;font-size: 18pt\">La cr\u00e9ation de L&#8217;A.F.R.J n&#8217;est pour moi que la possibilit\u00e9 de continuer \u00e0 d\u00e9velopper plus de projets avec\/et pour les jeunes.<\/span><\/strong><\/em><\/div>\n<\/blockquote>\n<div style=\"text-align: center\"><\/div>\n<div><\/div>\n<div><\/div>\n<div>\n<hr \/>\n<\/div>\n<h2 style=\"text-align: center\"><\/h2>\n<div>\n<blockquote>\n<h2 style=\"text-align: center\"><strong><em>Contact : <\/em><\/strong><\/h2>\n<div style=\"text-align: center\"><\/div>\n<div style=\"text-align: center\"><span style=\"color: #0000ff\"><strong>Roumanie t\u00e9l :<\/strong> <\/span><\/div>\n<div style=\"text-align: center\">(004) 07 34 137 603<\/div>\n<div style=\"text-align: center\"><\/div>\n<div style=\"text-align: center\"><strong><span style=\"color: #0000ff\">France t\u00e9l :<\/span> <\/strong><\/div>\n<div style=\"text-align: center\">(0033) 06 18 59 91 99<\/div>\n<\/blockquote>\n<div style=\"text-align: center\"><strong><span style=\"color: #0000ff\">Adresse postale\u00a0:<\/span><\/strong><\/div>\n<div style=\"text-align: center\">Maison des Association<\/div>\n<div style=\"text-align: center\">AFRJ &#8212; Boite PP 12<\/div>\n<div style=\"text-align: center\">2 Rue des Corroyeurs, 21000 Dijon<\/div>\n<blockquote>\n<div style=\"text-align: center\"><strong><span style=\"color: #0000ff\">Mails :<\/span> <\/strong><\/div>\n<div style=\"text-align: center\">lafrj21@gmail.com<\/div>\n<div style=\"text-align: center\">adrionescu95@gmail.com<\/div>\n<div style=\"text-align: center\">adrian_ionescu1@yahoo.com<\/div>\n<\/blockquote>\n<\/div>\n<div style=\"text-align: center\"><\/div>\n<hr \/>\n<h2 style=\"text-align: center\"><\/h2>\n<div style=\"text-align: center\"><strong><em>\u00a0<\/em><\/strong><\/div>\n","protected":false},"excerpt":{"rendered":"<p>L&#8217;Association Franco-Roumaine de la Jeunesse est\u00a0pr\u00e9sid\u00e9e par : &nbsp; Adrian Ionescu Je suis \u00e9tudiant \u00e0 l&#8217;Universit\u00e9 de Bourgogne-Franche-Comt\u00e9. Cette ann\u00e9e, je suis en derni\u00e8re ann\u00e9e de\u00a0Langues Etrang\u00e8res Appliqu\u00e9es (Anglais\/Italien). \u00a0 Je m&#8217;implique depuis plusieurs ann\u00e9es dans le monde associatif, la cr\u00e9ation et le soutien de plusieurs projets audiovisuels, cr\u00e9ation\/participation \u00e0 des recueils \u00e9crits contre les<\/p>\n<p><a class=\"button\" href=\"https:\/\/blog.ube.fr\/afrj\/presidentafrj\/\" title=\"More\">  Voir plus \u2192<\/a><\/p>\n","protected":false},"author":334,"featured_media":0,"parent":0,"menu_order":0,"comment_status":"closed","ping_status":"closed","template":"","meta":{"_exactmetrics_skip_tracking":false,"_exactmetrics_sitenote_active":false,"_exactmetrics_sitenote_note":"","_exactmetrics_sitenote_category":0,"footnotes":""},"class_list":["post-7","page","type-page","status-publish","hentry"],"_links":{"self":[{"href":"https:\/\/blog.ube.fr\/afrj\/wp-json\/wp\/v2\/pages\/7","targetHints":{"allow":["GET"]}}],"collection":[{"href":"https:\/\/blog.ube.fr\/afrj\/wp-json\/wp\/v2\/pages"}],"about":[{"href":"https:\/\/blog.ube.fr\/afrj\/wp-json\/wp\/v2\/types\/page"}],"author":[{"embeddable":true,"href":"https:\/\/blog.ube.fr\/afrj\/wp-json\/wp\/v2\/users\/334"}],"replies":[{"embeddable":true,"href":"https:\/\/blog.ube.fr\/afrj\/wp-json\/wp\/v2\/comments?post=7"}],"version-history":[{"count":12,"href":"https:\/\/blog.ube.fr\/afrj\/wp-json\/wp\/v2\/pages\/7\/revisions"}],"predecessor-version":[{"id":101,"href":"https:\/\/blog.ube.fr\/afrj\/wp-json\/wp\/v2\/pages\/7\/revisions\/101"}],"wp:attachment":[{"href":"https:\/\/blog.ube.fr\/afrj\/wp-json\/wp\/v2\/media?parent=7"}],"curies":[{"name":"wp","href":"https:\/\/api.w.org\/{rel}","templated":true}]}}