{"id":68,"date":"2017-04-30T16:14:05","date_gmt":"2017-04-30T14:14:05","guid":{"rendered":"http:\/\/blog.u-bourgogne.fr\/afrj\/?page_id=68"},"modified":"2017-05-24T21:35:06","modified_gmt":"2017-05-24T19:35:06","slug":"secretariat","status":"publish","type":"page","link":"https:\/\/blog.ube.fr\/afrj\/secretariat\/","title":{"rendered":"SECRETARIAT"},"content":{"rendered":"<hr \/>\n<p style=\"text-align: center\"><span style=\"font-family: comic sans ms,sans-serif;font-size: 14pt\">Renata Catalina BOB &#8211; Secr\u00e9taire de l&#8217;association<\/span><\/p>\n<hr \/>\n<p style=\"text-align: center\"><span style=\"font-family: comic sans ms,sans-serif;font-size: 14pt\">Cette page est d\u00e9di\u00e9e au secretariat de l&#8217;association. <\/span><\/p>\n<p style=\"text-align: center\"><span style=\"font-family: comic sans ms,sans-serif;font-size: 14pt\">Etudiante \u00e0 l\u2019Universit\u00e9 de Bourgogne- Franche-Comt\u00e9, fili\u00e8re Langues Litt\u00e9ratures et Cultures Etrang\u00e8res en anglais.<\/span><\/p>\n<p style=\"text-align: center\"><span style=\"font-family: comic sans ms,sans-serif;font-size: 14pt\"> Renata\u00a0est n\u00e9e \u00e0 Dej, d\u00e9partement de Cluj, en Roumanie et apr\u00e8s\u00a0son baccalaur\u00e9at\u00a0elle est venue\u00a0en France pour \u00e9tudier les Sciences Politiques, mais son\u00a0chemin s\u2019av\u00e8re diff\u00e9rent.<\/span><\/p>\n<p style=\"text-align: center\"><span style=\"font-family: comic sans ms,sans-serif;font-size: 14pt\">Elle est \u00e0 Dijon depuis 2 ans et demi et affirme\u00a0ne pas penser\u00a0quitter cette ville prochainement.<\/span><\/p>\n<p style=\"text-align: center\"><span style=\"font-family: comic sans ms,sans-serif;font-size: 14pt\">Sa plus grande passion est la danse, et donc une tr\u00e8s bonne partie de\u00a0son temps libre y est consacr\u00e9e, mais elle trouve le temps de s&#8217;impliquer \u00e9galement dans le monde associatif, \u00e9tant responsable du secretariat pour l&#8217;AFRJ.<\/span><\/p>\n<p style=\"text-align: center\"><img loading=\"lazy\" decoding=\"async\" class=\"alignnone size-full wp-image-47\" src=\"http:\/\/blog.ube.fr\/afrj\/wp-content\/uploads\/sites\/82\/2017\/04\/16144516_10202433068823639_801790223_n.jpg\" alt=\"\" width=\"449\" height=\"751\" \/><!--more--><\/p>\n<p>&nbsp;<\/p>\n<p style=\"text-align: center\"><span style=\"font-size: 24pt\"><strong>Facebook de l&#8217;AFRJ : https:\/\/www.facebook.com\/LAFRJ\/<\/strong><\/span><\/p>\n","protected":false},"excerpt":{"rendered":"<p>Renata Catalina BOB &#8211; Secr\u00e9taire de l&#8217;association Cette page est d\u00e9di\u00e9e au secretariat de l&#8217;association. Etudiante \u00e0 l\u2019Universit\u00e9 de Bourgogne- Franche-Comt\u00e9, fili\u00e8re Langues Litt\u00e9ratures et Cultures Etrang\u00e8res en anglais. Renata\u00a0est n\u00e9e \u00e0 Dej, d\u00e9partement de Cluj, en Roumanie et apr\u00e8s\u00a0son baccalaur\u00e9at\u00a0elle est venue\u00a0en France pour \u00e9tudier les Sciences Politiques, mais son\u00a0chemin s\u2019av\u00e8re diff\u00e9rent. Elle est<\/p>\n<p><a class=\"button\" href=\"https:\/\/blog.ube.fr\/afrj\/secretariat\/\" title=\"More\">  Voir plus \u2192<\/a><\/p>\n","protected":false},"author":334,"featured_media":0,"parent":0,"menu_order":0,"comment_status":"closed","ping_status":"closed","template":"","meta":{"_exactmetrics_skip_tracking":false,"_exactmetrics_sitenote_active":false,"_exactmetrics_sitenote_note":"","_exactmetrics_sitenote_category":0,"footnotes":""},"class_list":["post-68","page","type-page","status-publish","hentry"],"_links":{"self":[{"href":"https:\/\/blog.ube.fr\/afrj\/wp-json\/wp\/v2\/pages\/68","targetHints":{"allow":["GET"]}}],"collection":[{"href":"https:\/\/blog.ube.fr\/afrj\/wp-json\/wp\/v2\/pages"}],"about":[{"href":"https:\/\/blog.ube.fr\/afrj\/wp-json\/wp\/v2\/types\/page"}],"author":[{"embeddable":true,"href":"https:\/\/blog.ube.fr\/afrj\/wp-json\/wp\/v2\/users\/334"}],"replies":[{"embeddable":true,"href":"https:\/\/blog.ube.fr\/afrj\/wp-json\/wp\/v2\/comments?post=68"}],"version-history":[{"count":5,"href":"https:\/\/blog.ube.fr\/afrj\/wp-json\/wp\/v2\/pages\/68\/revisions"}],"predecessor-version":[{"id":96,"href":"https:\/\/blog.ube.fr\/afrj\/wp-json\/wp\/v2\/pages\/68\/revisions\/96"}],"wp:attachment":[{"href":"https:\/\/blog.ube.fr\/afrj\/wp-json\/wp\/v2\/media?parent=68"}],"curies":[{"name":"wp","href":"https:\/\/api.w.org\/{rel}","templated":true}]}}