{"id":60,"date":"2017-04-30T16:04:55","date_gmt":"2017-04-30T14:04:55","guid":{"rendered":"http:\/\/blog.u-bourgogne.fr\/afrj\/?page_id=60"},"modified":"2017-04-30T16:19:52","modified_gmt":"2017-04-30T14:19:52","slug":"bureau","status":"publish","type":"page","link":"https:\/\/blog.ube.fr\/afrj\/presidentafrj\/bureau\/","title":{"rendered":"BUREAU"},"content":{"rendered":"<h1 style=\"text-align: center\">L&#8217;Association Franco-Roumaine de la Jeunesse est compos\u00e9e de :<\/h1>\n<h2 style=\"text-align: center\"><span style=\"color: #0000ff\"><strong>Adrian Ionescu &#8211; Pr\u00e9sident de l&#8217;association<\/strong><\/span><\/h2>\n<div id=\"attachment_23\" style=\"width: 459px\" class=\"wp-caption alignleft\"><img loading=\"lazy\" decoding=\"async\" aria-describedby=\"caption-attachment-23\" class=\"https:\/\/www.facebook.com\/LAFRJ wp-image-23 size-large\" src=\"http:\/\/blog.ube.fr\/afrj\/wp-content\/uploads\/sites\/82\/2017\/04\/16118010_10202433024062520_1752875117_n-449x304.jpg\" alt=\"\" width=\"449\" height=\"304\" \/><\/p>\n<p id=\"caption-attachment-23\" class=\"wp-caption-text\"><strong>\u00a0\u00a0\u00a0\u00a0\u00a0\u00a0\u00a0\u00a0\u00a0\u00a0\u00a0\u00a0\u00a0Adrian IONESCU &#8211; Pr\u00e9sident de l&#8217;association<\/strong><\/p>\n<\/div>\n<div><strong><em><span style=\"font-family: book antiqua,palatino,serif;font-size: 18pt\">Je suis \u00e9tudiant \u00e0 l&#8217;Universit\u00e9 de Bourgogne-Franche-Comt\u00e9.<\/span><\/em><\/strong><\/div>\n<div><\/div>\n<div><strong><em><span style=\"font-family: book antiqua,palatino,serif;font-size: 18pt\">Cette ann\u00e9e, je suis en derni\u00e8re ann\u00e9e de\u00a0Langues Etrang\u00e8res Appliqu\u00e9es (Anglais\/Italien).<\/span><\/em><\/strong><\/div>\n<div><strong><em><span style=\"font-family: book antiqua,palatino,serif;font-size: 18pt\">\u00a0<\/span><\/em><\/strong><\/div>\n<div><span style=\"font-family: book antiqua,palatino,serif;font-size: 18pt\"><strong><em>Je m&#8217;implique depuis plusieurs ann\u00e9es dans le monde associatif,<\/em> <em>la cr\u00e9ation et le soutien de plusieurs projets audiovisuels, cr\u00e9ation\/participation \u00e0 des recueils \u00e9crits contre les discriminations, festivals, vernissages, expositions<\/em><\/strong>&#8230;<\/span><\/div>\n<div><span style=\"font-family: book antiqua,palatino,serif;font-size: 18pt\">\u00a0<\/span><\/div>\n<blockquote>\n<div style=\"text-align: center\"><em><strong><span style=\"font-family: book antiqua,palatino,serif;font-size: 18pt\">La cr\u00e9ation de L&#8217;A.F.R.J n&#8217;est pour moi que la possibilit\u00e9 de continuer \u00e0 d\u00e9velopper plus de projets avec\/et pour les jeunes.<\/span><\/strong><\/em><\/div>\n<\/blockquote>\n<div style=\"text-align: center\"><\/div>\n<div style=\"text-align: center\"><\/div>\n<div style=\"text-align: center\"><\/div>\n<h2 style=\"text-align: center\"><span style=\"color: #0000ff\">Xavier LEDIEU &#8211; Cameraman \/ monteur vid\u00e9o &amp; photographe<\/span><\/h2>\n<p><img loading=\"lazy\" decoding=\"async\" class=\"wp-image-49 size-medium alignleft\" src=\"http:\/\/blog.ube.fr\/afrj\/wp-content\/uploads\/sites\/82\/2017\/04\/10530715_509686302497008_8507932443879003963_n-290x220.jpg\" alt=\"\" width=\"290\" height=\"220\" \/><\/p>\n<div><strong><em><span style=\"font-family: book antiqua,palatino,serif;font-size: 14pt\">Je m&#8217;appel Xavier LEDIEU<\/span><\/em><\/strong><\/div>\n<div><strong><em><span style=\"font-family: book antiqua,palatino,serif;font-size: 14pt\">Je suis cameraman\/monteur vid\u00e9o ainsi que graphiste et photographe.<\/span><\/em><\/strong><\/div>\n<div><\/div>\n<div><strong><em><span style=\"font-family: book antiqua,palatino,serif;font-size: 14pt\">En suivant une formation AFPA d&#8217;op\u00e9rateur de prise de vue vid\u00e9o \u00e0 Issoudun pendant un an, un poste de cameraman m&#8217;a \u00e9t\u00e9 confi\u00e9 dans une association Dijonnaise, poste que j&#8217;ai occup\u00e9 pendant pr\u00e8s de 4 ans.<\/span><\/em><\/strong><\/div>\n<div style=\"text-align: center\"><\/div>\n<div style=\"text-align: center\"><\/div>\n<div style=\"text-align: center\"><strong><em><span style=\"font-family: book antiqua,palatino,serif;font-size: 14pt\">Je suis aujourd&#8217;hui b\u00e9n\u00e9vole dans cette m\u00eame association o\u00f9 je continue de pratiquer ma passion qui est \u00e9galement mon m\u00e9tier, mais aussi au sein de l&#8217;A.F.R.J afin d&#8217;apporter mon aide et mes connaissances.<\/span><\/em><\/strong><\/div>\n","protected":false},"excerpt":{"rendered":"<p>L&#8217;Association Franco-Roumaine de la Jeunesse est compos\u00e9e de : Adrian Ionescu &#8211; Pr\u00e9sident de l&#8217;association Je suis \u00e9tudiant \u00e0 l&#8217;Universit\u00e9 de Bourgogne-Franche-Comt\u00e9. Cette ann\u00e9e, je suis en derni\u00e8re ann\u00e9e de\u00a0Langues Etrang\u00e8res Appliqu\u00e9es (Anglais\/Italien). \u00a0 Je m&#8217;implique depuis plusieurs ann\u00e9es dans le monde associatif, la cr\u00e9ation et le soutien de plusieurs projets audiovisuels, cr\u00e9ation\/participation \u00e0 des<\/p>\n<p><a class=\"button\" href=\"https:\/\/blog.ube.fr\/afrj\/presidentafrj\/bureau\/\" title=\"More\">  Voir plus \u2192<\/a><\/p>\n","protected":false},"author":334,"featured_media":0,"parent":7,"menu_order":0,"comment_status":"closed","ping_status":"closed","template":"","meta":{"_exactmetrics_skip_tracking":false,"_exactmetrics_sitenote_active":false,"_exactmetrics_sitenote_note":"","_exactmetrics_sitenote_category":0,"footnotes":""},"class_list":["post-60","page","type-page","status-publish","hentry"],"_links":{"self":[{"href":"https:\/\/blog.ube.fr\/afrj\/wp-json\/wp\/v2\/pages\/60","targetHints":{"allow":["GET"]}}],"collection":[{"href":"https:\/\/blog.ube.fr\/afrj\/wp-json\/wp\/v2\/pages"}],"about":[{"href":"https:\/\/blog.ube.fr\/afrj\/wp-json\/wp\/v2\/types\/page"}],"author":[{"embeddable":true,"href":"https:\/\/blog.ube.fr\/afrj\/wp-json\/wp\/v2\/users\/334"}],"replies":[{"embeddable":true,"href":"https:\/\/blog.ube.fr\/afrj\/wp-json\/wp\/v2\/comments?post=60"}],"version-history":[{"count":1,"href":"https:\/\/blog.ube.fr\/afrj\/wp-json\/wp\/v2\/pages\/60\/revisions"}],"predecessor-version":[{"id":61,"href":"https:\/\/blog.ube.fr\/afrj\/wp-json\/wp\/v2\/pages\/60\/revisions\/61"}],"up":[{"embeddable":true,"href":"https:\/\/blog.ube.fr\/afrj\/wp-json\/wp\/v2\/pages\/7"}],"wp:attachment":[{"href":"https:\/\/blog.ube.fr\/afrj\/wp-json\/wp\/v2\/media?parent=60"}],"curies":[{"name":"wp","href":"https:\/\/api.w.org\/{rel}","templated":true}]}}