{"id":904,"date":"2021-01-31T19:25:27","date_gmt":"2021-01-31T18:25:27","guid":{"rendered":"http:\/\/blog.u-bourgogne.fr\/aci2020\/?page_id=904"},"modified":"2021-02-13T15:20:57","modified_gmt":"2021-02-13T14:20:57","slug":"full-programme","status":"publish","type":"page","link":"https:\/\/blog.ube.fr\/aci2020\/full-programme\/","title":{"rendered":"Full Programme"},"content":{"rendered":"<p style=\"text-align: center;\"><span style=\"text-decoration: underline;\"><span style=\"font-size: 18pt;\"><a href=\"https:\/\/blog.ube.fr\/aci2020\/plenary-sessions\/\" target=\"_blank\" rel=\"noopener\">Plenary Sessions<\/a><\/span><\/span><\/p>\n<p><a href=\"https:\/\/blog.ube.fr\/aci2020\/free-speech-crises-and-communicative-abundance-postracial-conflicts-in-diversified-public-cultures\/\" target=\"_blank\" rel=\"noopener\">Free speech crises and communicative abundance: \u2018postracial\u2019 conflicts in diversified public cultures<\/a><\/p>\n<p><strong>Gavan Titley<\/strong><span><strong>\u00a0<\/strong>\u2013 National University of Ireland, Maynooth<\/span><\/p>\n<p><a href=\"https:\/\/blog.ube.fr\/aci2020\/politics-migration-and-cultural-identities-in-the-uk-and-france-a-comparative-survey-2001-2020\/\" target=\"_blank\" rel=\"noopener\">Politics, Migration and Cultural Identities in the UK and France: A Comparative Survey (2001-2020)<\/a><\/p>\n<p><span><strong>Vincent Latour<\/strong> \u2013 Toulouse Jean Jaur\u00e8s University<\/span><\/p>\n<p><a href=\"https:\/\/blog.ube.fr\/aci2020\/des-eleves-etranges-tensions-dialectiques-entre-le-besoin-de-nommer-et-la-crainte-de-stigmatiser\/\" target=\"_blank\" rel=\"noopener\">Des \u00e9l\u00e8ves\u2026 \u00e9tranges? Tensions dialectiques entre le besoin de nommer et la crainte de stigmatiser<\/a><\/p>\n<p><strong>Tania Ogay<\/strong><span>\u00a0<\/span>\u2013 University of Fribourg<\/p>\n<p><a href=\"https:\/\/blog.ube.fr\/aci2020\/cross-cultural-management-at-a-cross-road-introducing-critical-perspectives\/\" target=\"_blank\" rel=\"noopener\">Cross-cultural management at a cross-road: introducing critical perspectives<\/a><\/p>\n<p><strong>Laurence Romani<\/strong><span>\u00a0\u2013 Stockholm School of Economics<\/span><\/p>\n<p><a href=\"https:\/\/blog.ube.fr\/aci2020\/the-west-has-shown-me-one-thing-everything-it-has-is-from-the-east-and-vice-versa-learning-about-interculturality-identity-with-china\/\" target=\"_blank\" rel=\"noopener\">\u201cThe West has shown me one thing: everything it has is from the East\u201d [and vice-versa]: Learning about interculturality-identity with \u2018China\u2019\u00a0<\/a><\/p>\n<p><strong>Fred Dervin<\/strong><span>\u00a0<\/span>\u2013 University of Helsinki, Finland<\/p>\n<hr \/>\n<p style=\"text-align: center;\"><span style=\"text-decoration: underline;\"><span style=\"font-size: 18pt;\"><a href=\"https:\/\/blog.ube.fr\/aci2020\/politics-media-and-identity\/\" target=\"_blank\" rel=\"noopener\">Politics, Media, and Identity<\/a><\/span><\/span><\/p>\n<p style=\"text-align: center;\"><span style=\"font-size: 14pt;\"><strong>Framing Political Identities<\/strong><\/span><\/p>\n<p><a href=\"https:\/\/blog.ube.fr\/aci2020\/young-scottish-party-members-discourses-about-national-identity\/\" target=\"_blank\" rel=\"noopener\">Young Scottish Party Members\u2019 Discourses about National Identity<\/a><\/p>\n<p><b>Claire<\/b><span>\u00a0<\/span><b>Breniaux<span>\u00a0<\/span><\/b><span>\u2013 Universit\u00e9 de Bourgogne, France<\/span><\/p>\n<p><a href=\"https:\/\/blog.ube.fr\/aci2020\/framing-fear-twitter-media-coverage-around-an-intercultural-conflict-breaking-news\/\" target=\"_blank\" rel=\"noopener\">Framing fear: Twitter media coverage around an intercultural conflict breaking news<\/a><\/p>\n<p><strong>Amaranta Alfaro Muirhead<\/strong><span>\u00a0<\/span>\u2013\u00a0Universidad del Desarrollo \u2013 Centre for Social Conflict and Cohesion Studies (COES), Chile<\/p>\n<p><strong>Eileen\u00a0Hudson Frias\u00a0<\/strong>\u2013\u00a0Universidad del Desarrollo, Chile<\/p>\n<p><strong>Leo Ferres\u00a0<\/strong>\u2013\u00a0Istituto Data Science \u2013 Universidad del Desarrollo, Chile<\/p>\n<p><a href=\"https:\/\/blog.ube.fr\/aci2020\/i-have-the-anger-of-the-people-in-me-the-yellow-vests-and-the-symbolic-struggle-over-the-people\/\" target=\"_blank\" rel=\"noopener\">\u201cI have the anger of the people in me!\u201d The Yellow Vests and the symbolic struggle over \u2018the people\u2019.<\/a><\/p>\n<p><strong>Delia\u00a0Dumitrica\u00a0<\/strong>\u2013\u00a0Erasmus University, Netherlands<\/p>\n<p><strong>M\u00e9lodine\u00a0Sommier\u00a0<\/strong>\u2013\u00a0Erasmus University, Netherlands<\/p>\n<hr \/>\n<p style=\"text-align: center;\"><span style=\"font-size: 14pt;\"><strong>Critical Approaches in Cultural Studies<\/strong><\/span><\/p>\n<p><a href=\"https:\/\/blog.ube.fr\/aci2020\/?page_id=660&amp;preview=true\" target=\"_blank\" rel=\"noopener\">Climate change activism as counter-hegemony? A critical discourse analysis of (self) representations of radical environmental organizations across cultures.<\/a><\/p>\n<p><strong>Katarzyna\u00a0Molek-Kozakowska\u00a0<\/strong><span>\u2013\u00a0University of Opole, Poland<\/span><\/p>\n<p><a href=\"https:\/\/blog.ube.fr\/aci2020\/the-cultural-politics-of-privacy\/\" target=\"_blank\" rel=\"noopener\">The cultural politics of privacy<\/a><\/p>\n<p><b>Carsten Wilhelm\u00a0<\/b><span>\u2013 Universit\u00e9 de Haute Alsace, France<\/span><\/p>\n<hr \/>\n<p style=\"text-align: center;\"><span style=\"font-size: 14pt;\"><strong>Constructing Identities through Online Media<\/strong><\/span><\/p>\n<p><a href=\"https:\/\/blog.ube.fr\/aci2020\/rankings-celebrities-and-academics-who-disrupt-the-myth-of-meritocracy\/\" target=\"_blank\" rel=\"noopener\">Rankings, Celebrities and Academics Who Disrupt the Myth of Meritocracy\u00a0<\/a><\/p>\n<p><strong>Michelle Stack<\/strong><span>\u00a0\u2013 University of British Columbia, Canada<\/span><\/p>\n<p><a href=\"https:\/\/blog.ube.fr\/aci2020\/transnational-spanishness-and-its-reception-through-anonymously-written-film-reviews-from-france-and-the-uk\/\" target=\"_blank\" rel=\"noopener\">Transnational Spanishness and its reception through anonymously written film reviews from France and the UK\u00a0<\/a><\/p>\n<p><strong><span>Antonio\u00a0Terr\u00f3n Barroso\u00a0<\/span><\/strong>\u2013 Aston University, United Kingdom<\/p>\n<p><a href=\"https:\/\/blog.ube.fr\/aci2020\/identity-encounters-and-the-media-a-multicultural-neighbourhood-of-athens\/\" target=\"_blank\" rel=\"noopener\">Identity, Encounters and the Media: A Multicultural Neighbourhood of Athens<\/a><\/p>\n<p><strong><span>Afroditi-Maria Koulaxi\u00a0<\/span><\/strong>\u2013 London School of Economics and Political Science,\u00a0United Kingdom<\/p>\n<hr \/>\n<p style=\"text-align: center;\"><span style=\"font-size: 14pt;\"><strong>Identity and Power in a Shifting Media Landscape<\/strong><\/span><\/p>\n<p><a href=\"https:\/\/blog.ube.fr\/aci2020\/intercultural-typography-exploring-the-construction-of-social-spaces-between-fonts\/\" target=\"_blank\" rel=\"noopener\">Intercultural Typography: Exploring the Construction of Social Spaces between Fonts<\/a><\/p>\n<p><strong>Michael Wanke\u00a0<\/strong>\u2013 University of Opole, Poland<\/p>\n<p><a href=\"https:\/\/blog.ube.fr\/aci2020\/the-construction-of-personal-and-socio-cultural-identities-in-blogs-of-infertile-muslim-women\/\" target=\"_blank\" rel=\"noopener\">The Construction of Personal and Socio-Cultural Identities in Blogs of Infertile Muslim Women<\/a><\/p>\n<p><strong>Fatima S.\u00a0Alhalwachi\u00a0<\/strong>\u2013 Birkbeck College, University of London, United Kingdom<\/p>\n<p><a href=\"https:\/\/blog.ube.fr\/aci2020\/le-jazz-entre-mondialisation-et-deconstruction-culturelle-dans-la-presse-ecrite\/\" target=\"_blank\" rel=\"noopener\">Le jazz : entre mondialisation et d\u00e9construction culturelle dans la presse \u00e9crite<\/a><\/p>\n<p><strong><span>Alexandra\u00a0Papuc\u00a0<\/span><\/strong>\u2013 Universit\u00e9 de Bourgogne, France<\/p>\n<hr \/>\n<p style=\"text-align: center;\"><span style=\"font-size: 14pt;\"><strong>Mediatized Construction of the Other<\/strong><\/span><\/p>\n<p><a href=\"https:\/\/blog.ube.fr\/aci2020\/how-do-audiences-18-26-years-of-televised-english-football-give-meaning-to-race-ethnicity\/\" target=\"_blank\" rel=\"noopener\">How do audiences (18 \u2013 26 years) of televised English football give meaning to race\/ethnicity?<\/a><\/p>\n<p><strong>Maximilian Walder\u00a0<\/strong>\u2013 Erasmus University Rotterdam<\/p>\n<p><strong>Jacco\u00a0Von Sterkenburg\u00a0<\/strong>\u2013 Erasmus\u00a0University Rotterdam<\/p>\n<p><a href=\"https:\/\/blog.ube.fr\/aci2020\/what-happens-after-happily-ever-after-the-shifts-of-media-discourse-of-intercultural-couples-on-chinese-media\/\" target=\"_blank\" rel=\"noopener\">What happens after \u201chappily ever after\u201d: the shifts of media discourse of intercultural couples on Chinese media<\/a><\/p>\n<p><strong>Minghui Gao\u00a0<\/strong>\u2013 University of Turku, University of Helsinki, Finland<\/p>\n<p><a href=\"https:\/\/blog.ube.fr\/aci2020\/the-representation-of-indigenous-cultural-identities-in-australian-and-new-zealand-tourism-campaigns\/\" target=\"_blank\" rel=\"noopener\">The Representation of Indigenous Cultural Identities in Australian and New Zealand Tourism Campaigns<\/a><\/p>\n<div class=\"page\" title=\"Page 2\">\n<div class=\"layoutArea\">\n<div class=\"column\">\n<p><strong>Elena Maydell<\/strong>\u00a0\u2013 Massey University of New Zealand<\/p>\n<\/div>\n<\/div>\n<\/div>\n<hr \/>\n<p style=\"text-align: center;\"><span style=\"font-size: 18pt;\"><a href=\"https:\/\/blog.ube.fr\/aci2020\/dialogical-construction-of-identities\/\" target=\"_blank\" rel=\"noopener\"><span style=\"text-decoration: underline;\">Dialogical Construction of Identities<\/span><\/a><\/span><\/p>\n<p style=\"text-align: center;\"><span style=\"font-size: 14pt;\"><strong>Discursive Identity Construction<\/strong><\/span><\/p>\n<p><a href=\"https:\/\/blog.ube.fr\/aci2020\/who-is-a-buddhist-reconstructing-a-tibetan-buddhist-identity-dialogically\/\" target=\"_blank\" rel=\"noopener\">Who is a Buddhist? Reconstructing a Tibetan Buddhist identity dialogically<\/a><\/p>\n<p><strong>Maria Sharapan<\/strong><span>\u00a0<\/span>\u2013\u00a0University of Jyv\u00e4skyl\u00e4, Finland<\/p>\n<p><a href=\"https:\/\/blog.ube.fr\/aci2020\/post-national-approaches-to-cultural-identity-italian-academics-in-londons-he\/\" target=\"_blank\" rel=\"noopener\">Post-national approaches to Cultural identity: Italian Academics in London\u2019s HE<\/a><\/p>\n<p><strong>Enrico Maria Buonaura<span>\u00a0<\/span><\/strong>\u2013\u00a0University of London, United Kingdom<\/p>\n<p><strong>Zhu Hua\u00a0<\/strong>\u2013\u00a0University of London, United Kingdom<\/p>\n<p><a href=\"https:\/\/blog.ube.fr\/aci2020\/a-choice-of-silence-silence-and-voice-among-israeli-women-activists\/\" target=\"_blank\" rel=\"noopener\">A Choice of Silence? Silence and Voice among Israeli Women Activists<\/a><\/p>\n<p><strong>Shlomit\u00a0Air\u00a0<\/strong>\u2013\u00a0Ben-Gurion University of the Negev, Israel<\/p>\n<hr \/>\n<p style=\"text-align: center;\"><span style=\"font-size: 14pt;\"><strong>Identities and Developing Intercultural Competence<\/strong><\/span><\/p>\n<p><a href=\"https:\/\/blog.ube.fr\/aci2020\/the-training-tool-for-organizations-in-vuca-times\/\" target=\"_blank\" rel=\"noopener\">The Training Tool for Organizations in VUCA Times<\/a><\/p>\n<p><strong>Robert\u00a0Geisler\u00a0<\/strong>\u2013\u00a0University of Opole, Poland<\/p>\n<p><a href=\"https:\/\/blog.ube.fr\/aci2020\/public-explanations-of-interculturality-in-a-virtual-exchange-project\/\" target=\"_blank\" rel=\"noopener\">Public explanations of interculturality in a virtual exchange project<\/a><\/p>\n<p><strong>Malgorzata Lahti<\/strong><span>\u00a0<\/span>\u2013\u00a0University of Jyv\u00e4skyl\u00e4, Finland<\/p>\n<p><strong>Margarethe<\/strong><span>\u00a0<\/span><strong>Olbertz-Siitonen<\/strong><span>\u00a0<\/span>\u2013\u00a0University of Jyv\u00e4skyl\u00e4, Finland<\/p>\n<hr \/>\n<p style=\"text-align: center;\"><span style=\"font-size: 14pt;\"><strong>Identity Construction through Interactions<\/strong><\/span><\/p>\n<p><a href=\"https:\/\/blog.ube.fr\/aci2020\/supercomplexity-in-interaction-a-second-trial\/\" target=\"_blank\" rel=\"noopener\">Supercomplexity in Interaction: a second trial<\/a><\/p>\n<p><strong>Victoria Orange\u00a0<\/strong>\u2013 University of Central Lancashire, United Kingdom<\/p>\n<p><a href=\"https:\/\/blog.ube.fr\/aci2020\/reclaiming-their-socio-cultural-identity-as-individuals-diagnosed-with-asd-as-adults-the-perspective-of-social-semiotic-linguistic-anthropology\/\" target=\"_blank\" rel=\"noopener\">Reclaiming their socio-cultural identity as individuals diagnosed with ASD as adults: The perspective of social semiotic linguistic anthropology<\/a><\/p>\n<div class=\"page\" title=\"Page 3\">\n<div class=\"layoutArea\">\n<div class=\"column\">\n<p><strong>Kyoko Aizaki\u00a0<\/strong>\u2013\u00a0Rikkyo University, Japan<\/p>\n<\/div>\n<\/div>\n<\/div>\n<p><a href=\"https:\/\/blog.ube.fr\/aci2020\/mediating-identities-by-cooking-and-eating-experimenting-with-intercultural-communication-using-arts-based-action-research\/\" target=\"_blank\" rel=\"noopener\">Mediating Identities by Cooking and Eating \u2013 Experimenting with Intercultural Communication using Arts-based Action Research<\/a><\/p>\n<div class=\"page\" title=\"Page 4\">\n<div class=\"layoutArea\">\n<div class=\"column\">\n<p><strong>Anna Cherenovych<\/strong><span>\u00a0<\/span>\u2013\u00a0University of Opole, Poland<\/p>\n<\/div>\n<\/div>\n<\/div>\n<hr \/>\n<p style=\"text-align: center;\"><span style=\"text-decoration: underline;\"><span style=\"font-size: 18pt;\"><a href=\"https:\/\/blog.ube.fr\/aci2020\/migration-disaporas-bilingualism\/\" target=\"_blank\" rel=\"noopener\">Migration, Disaporas, Bilingualism<\/a><\/span><\/span><\/p>\n<p style=\"text-align: center;\"><strong><span style=\"font-size: 14pt;\">Migration and Diasporas<\/span><\/strong><\/p>\n<p><a href=\"https:\/\/blog.ube.fr\/aci2020\/immigration-limited-choice-disappointment-and-the-immigrant-identity\/\" target=\"_blank\" rel=\"noopener\">Immigration: Limited choice, Disappointment and the Immigrant Identity<\/a><\/p>\n<p><span><strong>Albertina Thandeka Sibanda<\/strong>\u00a0\u2013 University of Opole, Poland<\/span><\/p>\n<p><a href=\"https:\/\/blog.ube.fr\/aci2020\/new-dynamics-in-transnational-political-experience-a-narrative-study-of-educated-turkish-youth-in-germany\/\" target=\"_blank\" rel=\"noopener\">New Dynamics in Transnational Political Experience: A Narrative study of Educated Turkish Youth in Germany<\/a><\/p>\n<p><span><strong>Tugba G\u00f6cer<\/strong>\u00a0\u2013 Kadir Has University, Turkey<\/span><\/p>\n<p><a href=\"https:\/\/blog.ube.fr\/aci2020\/phenomene-de-lidentite-culturelle-a-travers-de-la-diaspora-bielorusse-en-france\/\" target=\"_blank\" rel=\"noopener\">PH\u00c9NOM\u00c8NE DE L\u2019IDENTIT\u00c9 CULTURELLE \u00c0 TRAVERS DE LA DIASPORA BI\u00c9LORUSSE EN FRANCE<\/a><\/p>\n<p><span><strong>Vera Kalko<\/strong>\u00a0\u2013 Universit\u00e9 Toulouse il Jean Jaur\u00e8s, France<\/span><\/p>\n<hr \/>\n<p style=\"text-align: center;\"><strong><span style=\"font-size: 14pt;\">Language and Identities<\/span><\/strong><\/p>\n<p><a href=\"https:\/\/blog.ube.fr\/aci2020\/perspectives-of-english-users-and-english-medium-instructors-in-the-arabian-gulf-from-ivory-tower-to-social-arena\/\" target=\"_blank\" rel=\"noopener\">Perspectives of English-users and English-medium instructors in the Arabian Gulf: From Ivory Tower to Social Arena<\/a><\/p>\n<p><span><strong>Melanie Mathilde\u00a0Elizabeth\u00a0van\u00a0den Hoven<\/strong>\u00a0\u2013 Emirates Nuclear Energy Commission, United Arab Emirates<\/span><\/p>\n<p><a href=\"https:\/\/blog.ube.fr\/aci2020\/as-thick-as-culture-the-case-of-the-ceaseless-chatter-of-demonsby-ashok-ferrey-translated-into-french\/\" target=\"_blank\" rel=\"noopener\">As thick as culture\u2026 The Case of &#8220;The Ceaseless Chatter of Demons&#8221; by Ashok Ferrey Translated into French<\/a><\/p>\n<p><span><strong>Niroshini Gunasekera<\/strong>\u00a0\u2013 University of Kelaniya, Sri Lanka<\/span><\/p>\n<p><a href=\"https:\/\/blog.ube.fr\/aci2020\/beyond-the-mother-tongue-bilingualism-as-cultural-capital-in-migrant-literature\/\" target=\"_blank\" rel=\"noopener\">Beyond the Mother Tongue: Bilingualism as Cultural Capital in Migrant Literature<\/a><\/p>\n<p><strong>Lea Sinoimeri<\/strong> \u2013 Universit\u00e9 Paris Diderot, France<\/p>\n<hr \/>\n<p style=\"text-align: center;\"><span style=\"text-decoration: underline;\"><span style=\"font-size: 18pt;\"><a href=\"https:\/\/blog.ube.fr\/aci2020\/identities-and-intercultural-competence-in-education\/\" target=\"_blank\" rel=\"noopener\">Identities and Intercultural Competence in Education<\/a><\/span><\/span><\/p>\n<p style=\"text-align: center;\"><span style=\"font-size: 14pt;\"><strong>Cultural Identities and Language Teaching<\/strong><\/span><\/p>\n<p><a href=\"https:\/\/blog.ube.fr\/aci2020\/case-studies-as-a-vector-of-intercultural-competencies-in-the-teaching-of-languages-from-solid-to-liquid-approaches\/\" target=\"_blank\" rel=\"noopener\">Case studies as a vector of intercultural competencies in the teaching of languages, from \u201csolid\u201d to \u201cliquid\u201d approaches<\/a><\/p>\n<div class=\"page\" title=\"Page 4\">\n<div class=\"layoutArea\">\n<div class=\"column\">\n<p><strong>Catherine Jaeger<span>\u00a0<\/span><\/strong>\u2013 Humboldt Universit\u00e4t, Germany<\/p>\n<\/div>\n<\/div>\n<\/div>\n<p><a href=\"https:\/\/blog.ube.fr\/aci2020\/building-a-plurilingual-habitus-in-language-education-research-and-practice\/\" target=\"_blank\" rel=\"noopener\">Building a plurilingual habitus in language education research and practice<\/a><\/p>\n<p><strong>Martine Derivry-Plard<\/strong><span>\u00a0<\/span>\u2013 Universit\u00e9 de Bordeaux, France<\/p>\n<p><strong>Tony Liddicoat<\/strong><span>\u00a0<\/span>\u2013 University of Warwick, United Kingdom<\/p>\n<p><a href=\"https:\/\/blog.ube.fr\/aci2020\/mon-moi-interculturel\/\" target=\"_blank\" rel=\"noopener\">Mon \u201emoi\u201c interculturel<\/a><\/p>\n<p><strong>Doris Fetscher<\/strong><span>\u00a0<\/span>\u2013 Wests\u00e4chsische Hochschule Zwickau, Germany<\/p>\n<hr \/>\n<p style=\"text-align: center;\"><span style=\"font-size: 14pt;\"><strong>Critical Approaches to Interculturality in Teacher Training<\/strong><\/span><\/p>\n<p><a href=\"https:\/\/blog.ube.fr\/aci2020\/problematisation-des-identites-culturelles-en-master-meef-lapport-de-lanalyse-de-videos\/\" target=\"_blank\" rel=\"noopener\">Probl\u00e9matisation des identit\u00e9s culturelles en master MEEF : l\u2019apport de l\u2019analyse de vid\u00e9os<\/a><\/p>\n<p><strong>Virginie Tr\u00e9mion<span>\u00a0<\/span><\/strong>\u2013 ICP Facult\u00e9 d\u2019\u00e9ducation Paris, France<\/p>\n<p><strong>V\u00e9ronique Lemoine-Bresson<\/strong><span>\u00a0<\/span>\u2013 Laboratoire ATILF CNRS, Universit\u00e9 de Lorraine, France<\/p>\n<p><a href=\"https:\/\/blog.ube.fr\/aci2020\/faire-evoluer-les-representations-de-linterculturalite-des-etudiants-en-l2-sciences-de-leducation-cas-du-cours-interculturalite-et-education\/\" target=\"_blank\" rel=\"noopener\">Faire \u00e9voluer les repr\u00e9sentations de l\u2019interculturalit\u00e9 des \u00e9tudiants en L2 sciences de l\u2019\u00e9ducation ? \u2013 Cas du cours \u00ab interculturalit\u00e9 et \u00e9ducation \u00bb<\/a><\/p>\n<p><strong>Johann Chalmel<span>\u00a0<\/span><\/strong>\u2013 Universit\u00e9 de Haute-Alsace \u2013 NovaTris-LISEC, France<\/p>\n<p><strong>Vera Sauter\u00a0<\/strong>\u2013 Universit\u00e9 de Haute-Alsace \u2013 NovaTris-LISEC, France<\/p>\n<p><strong>Jana Quinte\u00a0<\/strong>\u2013 Universit\u00e9 de Haute-Alsace \u2013 NovaTris-LISEC, France<\/p>\n<hr \/>\n<p style=\"text-align: center;\"><span style=\"font-size: 14pt;\"><strong>Language Teaching and Intercultural Competence<\/strong><\/span><\/p>\n<p><a href=\"https:\/\/blog.ube.fr\/aci2020\/in-pursuit-of-intercultural-competence-exploring-cultural-selfawareness-and-identity-of-norwegian-efl-learners-through-eportfolios\/\" target=\"_blank\" rel=\"noopener\">In pursuit of intercultural competence: Exploring cultural selfawareness and identity of Norwegian EFL learners through eportfolios<\/a><\/p>\n<p><strong>Anastasia Khanukaeva<span>\u00a0<\/span><\/strong>\u2013 University of Stavanger, Norway<\/p>\n<p><a href=\"https:\/\/blog.ube.fr\/aci2020\/?page_id=723&amp;preview=true\" target=\"_blank\" rel=\"noopener\">Comportements transculturels, production translangagi\u00e8re et r\u00e9flexion didactique<\/a><\/p>\n<p><strong>Jean-Paul Narcy-Combes<\/strong><span>\u00a0<\/span>\u2013\u00a0Universit\u00e9 Sorbonne Nouvelle \u2013 Paris 3<\/p>\n<p><strong>Claire Chaplier<span>\u00a0<\/span><\/strong>\u2013 Universit\u00e9 de Toulouse, France<\/p>\n<p><a href=\"https:\/\/blog.ube.fr\/aci2020\/merging-academic-and-social-discourse-about-cultural-identities-through-a-duales-studium-insights-from-international-business-bsc-in-germany\/\" target=\"_blank\" rel=\"noopener\">Merging academic and social discourse about cultural identities through a duales Studium: Insights from International Business BSc in Germany<\/a><\/p>\n<p><strong>Sandra Blumberg<span>\u00a0<\/span><\/strong>\u2013 Nordakademie University of Applied Sciences, Germany<\/p>\n<hr \/>\n<p style=\"text-align: center;\"><span style=\"font-size: 14pt;\"><strong>Innovative Approaches to Intercultural Learning<\/strong><\/span><\/p>\n<p><a href=\"https:\/\/blog.ube.fr\/aci2020\/rethinking-cultural-identities-and-communication-the-language-factor-incorporating-the-values-of-interculturality-into-language-education-or-how-to-close-the-gap-between-workplace-reality-a\/\" target=\"_blank\" rel=\"noopener\">Rethinking cultural identities and communication: the language factor \u2013 Incorporating the values of interculturality into language education or how to close the gap between workplace reality and the ivory tower<\/a><\/p>\n<p><strong>Jane Kassis-Henderson<span>\u00a0<\/span><\/strong>\u2013 ESCP Europe<\/p>\n<p><strong>Linda Cohen<span>\u00a0<\/span><\/strong>\u2013 GEM&amp;L<\/p>\n<p><a href=\"https:\/\/blog.ube.fr\/aci2020\/representation-graphique-des-relations-inter-et-transculturelles-dun-individu-en-lien-avec-la-construction-de-son-identite\/\" target=\"_blank\" rel=\"noopener\">Repr\u00e9sentation graphique des relations inter et transculturelles d\u2019un individu en lien avec la construction de son identit\u00e9<\/a><\/p>\n<div class=\"page\" title=\"Page 5\">\n<div class=\"layoutArea\">\n<div class=\"column\">\n<p><strong>Denise Lussier \u2013<\/strong><span>\u00a0<\/span>Universit\u00e9 McGill, Canada<\/p>\n<\/div>\n<\/div>\n<\/div>\n<p><a href=\"https:\/\/blog.ube.fr\/aci2020\/critical-philosophical-discussions-on-cultural-identities-a-caring-approach\/\" target=\"_blank\" rel=\"noopener\">Critical philosophical discussions on cultural identities \u2013 a caring approach<\/a><\/p>\n<p><strong>Tammy Shel\u00a0<\/strong><span style=\"font-weight: 300;\">\u2013 Emek Izrael College, Israel<\/span><\/p>\n","protected":false},"excerpt":{"rendered":"<p>Plenary Sessions Free speech crises and communicative abundance: \u2018postracial\u2019 conflicts in diversified public cultures Gavan Titley\u00a0\u2013 National University of Ireland, Maynooth Politics, Migration and Cultural Identities in the UK and France: A Comparative Survey (2001-2020) Vincent Latour \u2013 Toulouse Jean Jaur\u00e8s University Des \u00e9l\u00e8ves\u2026 \u00e9tranges? Tensions dialectiques entre le besoin de nommer et la crainte&hellip;<\/p>\n","protected":false},"author":3275,"featured_media":0,"parent":0,"menu_order":0,"comment_status":"closed","ping_status":"closed","template":"","meta":{"_exactmetrics_skip_tracking":false,"_exactmetrics_sitenote_active":false,"_exactmetrics_sitenote_note":"","_exactmetrics_sitenote_category":0,"footnotes":""},"class_list":["post-904","page","type-page","status-publish","hentry"],"_links":{"self":[{"href":"https:\/\/blog.ube.fr\/aci2020\/wp-json\/wp\/v2\/pages\/904","targetHints":{"allow":["GET"]}}],"collection":[{"href":"https:\/\/blog.ube.fr\/aci2020\/wp-json\/wp\/v2\/pages"}],"about":[{"href":"https:\/\/blog.ube.fr\/aci2020\/wp-json\/wp\/v2\/types\/page"}],"author":[{"embeddable":true,"href":"https:\/\/blog.ube.fr\/aci2020\/wp-json\/wp\/v2\/users\/3275"}],"replies":[{"embeddable":true,"href":"https:\/\/blog.ube.fr\/aci2020\/wp-json\/wp\/v2\/comments?post=904"}],"version-history":[{"count":22,"href":"https:\/\/blog.ube.fr\/aci2020\/wp-json\/wp\/v2\/pages\/904\/revisions"}],"predecessor-version":[{"id":1015,"href":"https:\/\/blog.ube.fr\/aci2020\/wp-json\/wp\/v2\/pages\/904\/revisions\/1015"}],"wp:attachment":[{"href":"https:\/\/blog.ube.fr\/aci2020\/wp-json\/wp\/v2\/media?parent=904"}],"curies":[{"name":"wp","href":"https:\/\/api.w.org\/{rel}","templated":true}]}}