{"id":755,"date":"2021-01-27T09:41:38","date_gmt":"2021-01-27T08:41:38","guid":{"rendered":"http:\/\/blog.u-bourgogne.fr\/aci2020\/?page_id=755"},"modified":"2021-01-28T20:35:09","modified_gmt":"2021-01-28T19:35:09","slug":"plenary-sessions","status":"publish","type":"page","link":"https:\/\/blog.ube.fr\/aci2020\/plenary-sessions\/","title":{"rendered":"Plenary Sessions"},"content":{"rendered":"<p><strong><span style=\"font-size: 14pt;\"><a href=\"http:\/\/blog.ube.fr\/aci2020\/free-speech-crises-and-communicative-abundance-postracial-conflicts-in-diversified-public-cultures\/\" target=\"_blank\" rel=\"noopener\">Free speech crises and communicative abundance: \u2018postracial\u2019 conflicts in diversified public cultures.<\/a><\/span><\/strong><\/p>\n<p><strong>Gavan Titley<\/strong> &#8211; National University of Ireland, Maynooth<\/p>\n<p><strong><a href=\"http:\/\/blog.ube.fr\/aci2020\/politics-migration-and-cultural-identities-in-the-uk-and-france-a-comparative-survey-2001-2020\/\" target=\"_blank\" rel=\"noopener\"><span style=\"font-size: 14pt;\">Politics, Migration and Cultural Identities in the UK and France: A Comparative Survey (2001-2020).<\/span><\/a><\/strong><\/p>\n<p><strong>Vincent Latour<\/strong> &#8211; Toulouse Jean Jaur\u00e8s University<\/p>\n<p><a href=\"https:\/\/blog.ube.fr\/aci2020\/des-eleves-etranges-tensions-dialectiques-entre-le-besoin-de-nommer-et-la-crainte-de-stigmatiser\/\" target=\"_blank\" rel=\"noopener\"><span style=\"font-size: 14pt;\"><strong>Des \u00e9l\u00e8ves\u2026 \u00e9tranges ? Tensions dialectiques entre le besoin de nommer et la crainte de stigmatiser.<\/strong><\/span><\/a><\/p>\n<p><strong>Tania Ogay<\/strong> &#8211; University of Fribourg<\/p>\n<p><strong><a href=\"http:\/\/blog.ube.fr\/aci2020\/cross-cultural-management-at-a-cross-road-introducing-critical-perspectives\/\" target=\"_blank\" rel=\"noopener\"><span style=\"font-size: 14pt;\">Cross-cultural management at a cross-road: introducing critical perspectives<\/span><\/a><\/strong><\/p>\n<p><strong>Laurence Romani<\/strong> &#8211; Stockholm School of Economics<\/p>\n<p><a href=\"https:\/\/blog.ube.fr\/aci2020\/the-west-has-shown-me-one-thing-everything-it-has-is-from-the-east-and-vice-versa-learning-about-interculturality-identity-with-china\/\" target=\"_blank\" rel=\"noopener\"><strong><span style=\"font-size: 14pt;\">\u201cThe West has shown me one thing: everything it has is from the East\u201d [and vice-versa]: Learning about interculturality-identity with \u2018China\u2019<\/span><\/strong><\/a><\/p>\n<p><strong>Fred Dervin<\/strong> &#8211; University of Helsinki, Finland<\/p>\n<p>&nbsp;<\/p>\n<p>&nbsp;<\/p>\n<p>&nbsp;<\/p>\n","protected":false},"excerpt":{"rendered":"<p>Free speech crises and communicative abundance: \u2018postracial\u2019 conflicts in diversified public cultures. Gavan Titley &#8211; National University of Ireland, Maynooth Politics, Migration and Cultural Identities in the UK and France: A Comparative Survey (2001-2020). Vincent Latour &#8211; Toulouse Jean Jaur\u00e8s University Des \u00e9l\u00e8ves\u2026 \u00e9tranges ? Tensions dialectiques entre le besoin de nommer et la crainte&hellip;<\/p>\n","protected":false},"author":3275,"featured_media":0,"parent":0,"menu_order":0,"comment_status":"closed","ping_status":"closed","template":"","meta":{"_exactmetrics_skip_tracking":false,"_exactmetrics_sitenote_active":false,"_exactmetrics_sitenote_note":"","_exactmetrics_sitenote_category":0,"footnotes":""},"class_list":["post-755","page","type-page","status-publish","hentry"],"_links":{"self":[{"href":"https:\/\/blog.ube.fr\/aci2020\/wp-json\/wp\/v2\/pages\/755","targetHints":{"allow":["GET"]}}],"collection":[{"href":"https:\/\/blog.ube.fr\/aci2020\/wp-json\/wp\/v2\/pages"}],"about":[{"href":"https:\/\/blog.ube.fr\/aci2020\/wp-json\/wp\/v2\/types\/page"}],"author":[{"embeddable":true,"href":"https:\/\/blog.ube.fr\/aci2020\/wp-json\/wp\/v2\/users\/3275"}],"replies":[{"embeddable":true,"href":"https:\/\/blog.ube.fr\/aci2020\/wp-json\/wp\/v2\/comments?post=755"}],"version-history":[{"count":8,"href":"https:\/\/blog.ube.fr\/aci2020\/wp-json\/wp\/v2\/pages\/755\/revisions"}],"predecessor-version":[{"id":900,"href":"https:\/\/blog.ube.fr\/aci2020\/wp-json\/wp\/v2\/pages\/755\/revisions\/900"}],"wp:attachment":[{"href":"https:\/\/blog.ube.fr\/aci2020\/wp-json\/wp\/v2\/media?parent=755"}],"curies":[{"name":"wp","href":"https:\/\/api.w.org\/{rel}","templated":true}]}}