{"id":744,"date":"2021-01-28T18:57:52","date_gmt":"2021-01-28T17:57:52","guid":{"rendered":"http:\/\/blog.u-bourgogne.fr\/aci2020\/?page_id=744"},"modified":"2021-01-28T18:57:52","modified_gmt":"2021-01-28T17:57:52","slug":"phenomene-de-lidentite-culturelle-a-travers-de-la-diaspora-bielorusse-en-france","status":"publish","type":"page","link":"https:\/\/blog.ube.fr\/aci2020\/phenomene-de-lidentite-culturelle-a-travers-de-la-diaspora-bielorusse-en-france\/","title":{"rendered":"PH\u00c9NOM\u00c8NE DE L\u2019IDENTIT\u00c9 CULTURELLE \u00c0 TRAVERS DE LA DIASPORA BI\u00c9LORUSSE EN FRANCE"},"content":{"rendered":"<p><span>Vera Kalko &#8211; Universit\u00e9 Toulouse Il Jean Jaur\u00e8s, France<\/span><\/p>\n<div class=\"page\" title=\"Page 45\">\n<div class=\"layoutArea\">\n<div class=\"column\">\n<p><strong>Abstract<\/strong><\/p>\n<p><span>Le contexte de mondialisation, du fait des flux migratoires, constitue un terrain privil\u00e9gi\u00e9 pour l\u2019\u00e9mergence des particularismes sociaux et culturels. Et c\u2019est la notion d\u2019identit\u00e9 qui vient alors appuyer la revendication de ces diff\u00e9rences dans une soci\u00e9t\u00e9 o\u00f9 il faut chercher \u00e0 \u00e9laborer un cadre d\u2019interactions \u00e9quilibr\u00e9es et de r\u00e9ciprocit\u00e9 acceptable.La compr\u00e9hension de ce qui se joue en migration et des remaniements identitaires cons\u00e9cutifs \u00e0 l\u2019adaptation sur un nouveau sol est un enjeu important dans plusieurs disciplines (\u00e9tudes culturelles, \u00e9tudes historiques, psychologie interculturelle, sciences de l\u2019\u00e9ducation, sciences de communication&#8230;).\u00ab L\u2019identit\u00e9 n\u2019est pas aussi simple et transparente que nous le pensons. Peut-\u00eatre devrions-nous d\u2019ailleurs, au lieu de la concevoir comme un \u00e9l\u00e9ment d\u00e9j\u00e0 pleinement constitu\u00e9 que les nouvelles pratiques culturelles ne feraient que repr\u00e9senter, consid\u00e9rer l\u2019identit\u00e9 comme une \u201cproduction\u201d toujours en cours, jamais achev\u00e9e, et qui se constitue \u00e0 l\u2019int\u00e9rieur et non \u00e0 l\u2019ext\u00e9rieur de la repr\u00e9sentation \u00bb (Hall, 2017).S\u2019appuyant sur une approche dynamique ainsi qu\u2019une approche anthropologique de la culture, nous essayons de comprendre les dynamiques de construction identitaire au sein du contexte hybride &#8211; \u00e0 travers des \u00e9tudes de la migration bi\u00e9lorusse et sa diaspora install\u00e9e en France depuis la premi\u00e8re moiti\u00e9 du vingti\u00e8me si\u00e8cle. Notre r\u00e9flexion est bas\u00e9e sur l\u2019id\u00e9e que l\u2019identit\u00e9 est fondamentalement relationnelle et se d\u00e9veloppe en une longue suite d\u2019interactions entre la personne et le contexte.Au contact de la soci\u00e9t\u00e9 de leur pays d\u2019accueil, les membres de la diaspora bi\u00e9lorusse sont confront\u00e9s \u00e0 des nombreux d\u00e9fis existentiels et ontologiques, \u00e9tant donn\u00e9 que les marges de manouevre de diff\u00e9rents agents sociaux ne sont pas les m\u00eames. Le r\u00f4le des institutions publiques (par exemple, l\u2019\u00c9cole) dans le processus de construction et reconfiguration identitaire des bi\u00e9lorusses s\u2019av\u00e8re d\u2019\u00eatre fondamental. D\u2019autres microstructures et dispositifs op\u00e8rent en tant qu\u2019 \u00ab instances de d\u00e9limitation \u00bb (Foucault, 1969) : la famille, le voisinage, les liens d\u2019amiti\u00e9, mais \u00e9galement les matrices organisationnelles d\u2019une soci\u00e9t\u00e9 donn\u00e9e (lois, normes, etc.), les partis politiques,\u00a0<\/span>les associations, la litt\u00e9rature populaire, la presse ou encore, l\u2019\u00c9glise.D\u2019autant plus que la question identitaire s\u2019av\u00e8re particuli\u00e8rement complexe pour le peuple bi\u00e9lorussien, B\u00e9larus \u00e9tant un pays sans identit\u00e9 claire, plac\u00e9 tout au long des si\u00e8cles entre diverses sph\u00e8res d\u2019influence politique antagonistes. Cette g\u00e9ographie bipolaire, combin\u00e9e \u00e0 une bipolarit\u00e9 religieuse, a emp\u00e9ch\u00e9 la stabilisation des fronti\u00e8res et la formation d\u2019un Etat rassemblant les populations bi\u00e9lorussiennes, g\u00eanant par cons\u00e9quent l\u2019\u00e9mergence d\u2019une identit\u00e9 nationale autochtone. L\u2019immigration bi\u00e9lorusse qui commence bien avant le vingti\u00e8me si\u00e8cle et prend son veritable essor apr\u00e8s 1917, n\u2019aboutie pas d\u2019embl\u00e9e \u00e0 l\u2019\u00e9tablissement de diaspora compte tenu du processus inachev\u00e9 de constitution en nation du peuple bi\u00e9lorussien.Il a fallu attendre plusieurs ann\u00e9es afin que les bi\u00e9lorusses en France se revendiquent d\u2019un groupe poss\u00e9dant des attributs (particuli\u00e8rement culturels) communs, qui leur permettent alors de s\u2019identifier \u00e0 la communaut\u00e9 qu\u2019ils finissent par former. Ils construisent leurs propres r\u00e9seaux communautaires et font de la langue et de la culture les meilleurs vecteurs associatifs.La r\u00e9flexion sur la dynamique de construction identitaire au sein de la communaut\u00e9 bi\u00e9lorusse est donc men\u00e9e ici \u00e0 l\u2019\u00e9chelle micro- sociale, \u00e0 partir de l\u2019\u00e9tude de ses interactions avec des compatriotes, avec le pays d\u2019origine ainsi qu\u2019avec la population indig\u00e8ne tout au long du XX \u2013 d\u00e9but XXI si\u00e8cles.La d\u00e9marche privil\u00e9gi\u00e9e est celle du \u00ab constructivisme \u00bb, qui consiste \u00e0 \u00e9tudier la mani\u00e8re dont se construit (ou peut \u00eatre \u00ab d\u00e9construit \u00bb) une repr\u00e9sentation \u00e0 l\u2019\u00e9chelle d\u2019une collectivit\u00e9. Il convient de s\u2019interroger \u00e9galement sur le r\u00f4le des st\u00e9r\u00e9otypes car l\u2019activation de l\u2019identit\u00e9 culturelle, souvent inconsciente \u00e0 l\u2019arriv\u00e9e, est une attitude r\u00e9actionnelle face aux st\u00e9r\u00e9otypes v\u00e9hicul\u00e9s dans la soci\u00e9t\u00e9 d\u2019accueil.Cette r\u00e9flexion nous permet de suivre les \u00e9volutions identitaires des bi\u00e9lorusses en France dans un r\u00e9gistre synchronique aussi bien que diachronique.<\/p>\n<\/div>\n<\/div>\n<\/div>\n<div class=\"page\" title=\"Page 46\">\n<div class=\"layoutArea\">\n<div class=\"column\">\n<p><strong>Bibliography<\/strong><\/p>\n<p><span>BENSA, Alban. De la micro histoire vers une anthropologie critique. Revel J. (org), Jeux d&#8217;\u00e9chelle, Seuil\/Gallimard, 1996, pp.37-70.<\/span><\/p>\n<p><span>DEMORGON, Jacques. L\u2019histoire interculturelle des soci\u00e9t\u00e9s. Paris, \u00c9d. Anthropos, coll. Exploration interculturelle et science sociale, 2e \u00e9d. rev. et augm., 2002, 340 p.<\/span><\/p>\n<p><span>ESPAGNE, Michel. La notion de transfert culturel, Revue Sciences\/Lettres, 1, 2003.FOUCAULT, Michel. L\u2019arch\u00e9ologie du savoir [1969], Paris, Gallimard, 2008, p. 294.<\/span><\/p>\n<p><span>GOULET, Alain (dir.). Le St\u00e9r\u00e9otype. Crise et transformation. Actes du colloque de Cerisy-la-Salle, Caen, Presses Universitaires de Caen, 1994.HALL, Stuart. Identit\u00e9s et Cultures : Politiques des Cultural Studies. \u00c9dition Amsterdam, 2017, 411 p.<\/span><\/p>\n<p><span>HOBSBAWM, Eric, RANGER, Terence. The Invention of Tradition. Cambridge University Press, 1983.<\/span><\/p>\n<p><span>HOBSBAWM, Eric. Nation and Nationalism since 1780. Programme, Myth, Reality. Cambridge, Cambridge University Press, 1990.<\/span><\/p>\n<p><span>MATTIOLI, Marie-Annick, MURO, Olga, PRUM, Michel. \u00abL\u2019identit\u00e9 nationale \u00bb \u00e0 l\u2019\u00e9preuve des identit\u00e9s culturelles en Allemagne, en France, au Royaume-Uni. Paris : Harmattan, 2013, 238 p.<\/span><\/p>\n<\/div>\n<\/div>\n<\/div>\n<div class=\"page\" title=\"Page 47\">\n<div class=\"layoutArea\">\n<div class=\"column\">\n<p><span>NOIRIEL, Gerard. Le creuset fran\u00e7ais : histoire de l\u2019immigration XIX \u2013 XX si\u00e8cle. Paris : Seuil, 2006 (1989), 447 p. Voir \u00e9galement : Racisme : la responsabilit\u00e9 des \u00e9lites. Paris : Textuel, 2007, 111 p ; Immigration, antis\u00e9mitisme et racisme en France, XIX-XX si\u00e8cle : discours publics, humiliations priv\u00e9es. Paris : Fayard, 2007, 600 p ; A quoi sert l\u2019 \u00ab identit\u00e9 nationale \u00bb. Marseille : Agone, 2007, 154 p.<\/span><\/p>\n<p><span>PONTY, Janine. Une int\u00e9gration difficile : les polonais en France dans le premier 20e si\u00e8cle. Vingti\u00e8me Si\u00e8cle. Revue d&#8217;histoire, Ann\u00e9e 1985, 7, pp. 51-58<\/span><\/p>\n<p><span>SCHOR, Ralph. Histoire de l&#8217;immigration en France de la fin du XIXe si\u00e8cle \u00e0 nos jours. Paris : Armand Colin, 1996, 347 p.<\/span><\/p>\n<p><span>SCHOR, Ralph. L&#8217;opinion fran\u00e7aise et les \u00e9trangers en France : 1919-1939. Paris : Publications de la Sorbonne, 1985, 762 p.<\/span><\/p>\n<p><span>TRIBALAT, Mich\u00e8le. H\u00e9t\u00e9rog\u00e9n\u00e9it\u00e9 ethnoculturelle et coh\u00e9sion sociale. Futuribles, juillet-ao\u00fbt 2007, n\u00b0332, p. 71-84.<\/span><\/p>\n<p><span>VIET, Vincent. La France immigr\u00e9e: construction d&#8217;une politique, 1914-1997. Paris : Fayard, 1998, 550 p.<\/span><\/p>\n<p><span>WEIL, Patrick. La r\u00e9publique et sa diversit\u00e9. Paris : Seuil, 2005. 111 p.<\/span><\/p>\n<p><span>WERNER, Michael, ZIMMERMANN, B\u00e9n\u00e9dicte. Penser l&#8217;histoire crois\u00e9e : entre empirie et r\u00e9flexivit\u00e9, Annales. Histoire, Sciences Sociales, vol. 58e ann\u00e9e, no. 1, 2003, pp. 7-36.<\/span><\/p>\n<\/div>\n<\/div>\n<\/div>\n<p>&nbsp;<\/p>\n","protected":false},"excerpt":{"rendered":"<p>Vera Kalko &#8211; Universit\u00e9 Toulouse Il Jean Jaur\u00e8s, France Abstract Le contexte de mondialisation, du fait des flux migratoires, constitue un terrain privil\u00e9gi\u00e9 pour l\u2019\u00e9mergence des particularismes sociaux et culturels. Et c\u2019est la notion d\u2019identit\u00e9 qui vient alors appuyer la revendication de ces diff\u00e9rences dans une soci\u00e9t\u00e9 o\u00f9 il faut chercher \u00e0 \u00e9laborer un cadre&hellip;<\/p>\n","protected":false},"author":3223,"featured_media":0,"parent":0,"menu_order":0,"comment_status":"closed","ping_status":"closed","template":"","meta":{"_exactmetrics_skip_tracking":false,"_exactmetrics_sitenote_active":false,"_exactmetrics_sitenote_note":"","_exactmetrics_sitenote_category":0,"footnotes":""},"class_list":["post-744","page","type-page","status-publish","hentry"],"_links":{"self":[{"href":"https:\/\/blog.ube.fr\/aci2020\/wp-json\/wp\/v2\/pages\/744","targetHints":{"allow":["GET"]}}],"collection":[{"href":"https:\/\/blog.ube.fr\/aci2020\/wp-json\/wp\/v2\/pages"}],"about":[{"href":"https:\/\/blog.ube.fr\/aci2020\/wp-json\/wp\/v2\/types\/page"}],"author":[{"embeddable":true,"href":"https:\/\/blog.ube.fr\/aci2020\/wp-json\/wp\/v2\/users\/3223"}],"replies":[{"embeddable":true,"href":"https:\/\/blog.ube.fr\/aci2020\/wp-json\/wp\/v2\/comments?post=744"}],"version-history":[{"count":2,"href":"https:\/\/blog.ube.fr\/aci2020\/wp-json\/wp\/v2\/pages\/744\/revisions"}],"predecessor-version":[{"id":838,"href":"https:\/\/blog.ube.fr\/aci2020\/wp-json\/wp\/v2\/pages\/744\/revisions\/838"}],"wp:attachment":[{"href":"https:\/\/blog.ube.fr\/aci2020\/wp-json\/wp\/v2\/media?parent=744"}],"curies":[{"name":"wp","href":"https:\/\/api.w.org\/{rel}","templated":true}]}}