{"id":678,"date":"2021-01-28T18:55:36","date_gmt":"2021-01-28T17:55:36","guid":{"rendered":"http:\/\/blog.u-bourgogne.fr\/aci2020\/?page_id=678"},"modified":"2021-02-13T14:41:28","modified_gmt":"2021-02-13T13:41:28","slug":"le-jazz-entre-mondialisation-et-deconstruction-culturelle-dans-la-presse-ecrite","status":"publish","type":"page","link":"https:\/\/blog.ube.fr\/aci2020\/le-jazz-entre-mondialisation-et-deconstruction-culturelle-dans-la-presse-ecrite\/","title":{"rendered":"Le jazz : entre mondialisation et d\u00e9construction culturelle dans la presse \u00e9crite"},"content":{"rendered":"<p>Alexandra Papuc, Universit\u00e9 de Bourgogne, France<\/p>\n<p><strong>Keywords<\/strong><\/p>\n<p>jazz, identit\u00e9 culturelle, analyse de discours, postmodernisme, st\u00e9r\u00e9otypes<\/p>\n<p><strong>Abstract<\/strong><\/p>\n<p>Le jazz est une musique \u00e0 l\u2019encontre des cultures avec une histoire qui a marqu\u00e9 sa perception culturelle et identitaire \u00e0 tel point que sa r\u00e9appropriation est devenue sujet de d\u00e9bat dans la presse \u00e9crite. Ses transformations vont au del\u00e0 du temps et de l\u2019espace, elles touchent le statut social et l\u2019imaginaire social collectif.\u00a0\u00a0Quelle sont les repr\u00e9sentations du jazz dans les textes journalistiques contemporains et de quelle mani\u00e8re ces repr\u00e9sentations sont construites d\u2019un point de vue socio-culturel?\u00a0\u00a0Par le biais de l\u2019analyse du discours, cette proposition souhaite discuter le statut du jazz dans le monde contemporain tel qu\u2019il est repr\u00e9sent\u00e9 dans les textes journalistiques en langue anglaise.\u00a0\u00a0Dans un premier temps, l\u2019id\u00e9e de jazz en tant que concept culturel et identitaire sera questionn\u00e9e. Comment l\u2019identit\u00e9 du jazz s\u2019est transform\u00e9e et comment est-elle d\u00e9finie dans les articles de presse? La d\u00e9viation du status quo du jazz et sa r\u00e9appropriation conceptuelle dans d\u2019autres cultures mais aussi l\u2019ali\u00e9nation de son h\u00e9ritage tant assimil\u00e9 \u00e0 sa d\u00e9finition auparavant, nous am\u00e8nent vers des nouvelles repr\u00e9sentations de ce concept culturel. Quelle est l\u2019influence postmoderniste sur les repr\u00e9sentations du jazz contemporain?La perspective postmoderniste et la d\u00e9construction des concepts collectifs ont d\u00e9termin\u00e9 la transgression du jazz dans une nouvelle culture universelle et acclam\u00e9 sa nouvelle appartenance \u00e0 une identit\u00e9 mondialis\u00e9e. Les articles vantent la libert\u00e9 de ce nouveau jazz, un jazz qui n\u2019a plus de barri\u00e8res, ni concernant les endroits o\u00f9 l\u2019on pourrait l\u2019entendre et le pratiquer ni concernant le publique, et en fin compte non plus concernant la musique car il il est associ\u00e9 \u00e0 d\u2019autres styles musicaux tels que l\u2019\u00e9lectro, le funk, le soul ou le pop. Cette image aliment\u00e9e sans cesse par une dimension affective, par le d\u00e9tachement du clich\u00e9 traditionaliste et \u00e9litiste semble d\u00e9signer une utopie du jazz. Cela fait r\u00e9f\u00e9rence au concept d\u2019un mode utopique, qui selon Shmuel Trigano est le r\u00e9sultat de la mondialisation et du d\u00e9veloppement de l\u2019id\u00e9ologie postmoderniste.<\/p>\n<p>Enfin, comment ces discours m\u00e9diatiques autour du jazz sont construits d\u2019un point de vue linguistique et s\u00e9mantique et comment les m\u00e9dias peuvent construire un imaginaire culturel collectif?\u00a0\u00a0Quelle est la signification de cette transformation identitaire et culturelle du jazz dans le monde contemporain? De plus, quel est le but des discours m\u00e9diatiques lorsqu\u2019ils transforment l\u2019identit\u00e9 de ce concept culturel dans une culture mondialis\u00e9e et quels sont les effets de la mondialisation sur la d\u00e9centralisation du jazz?<\/p>\n<p><strong>Bibliography<\/strong><\/p>\n<p>Jazz \/ Civilisation am\u00e9ricaine<\/p>\n<p>AMOSSY, Ruth, and Anne Herschberg-Pierrot. St\u00e9r\u00e9otypes et clich\u00e9s: langue, discours, soci\u00e9t\u00e9. 2016.<\/p>\n<p>BARRY P. Beginning Theory. An Introduction to Literary and Cultural Theory. Manchester, UK, Manchester University Press, 2009.<\/p>\n<p>BECKER, H. Outsiders \u2013 Etudes de sociologie de la d\u00e9viance, Paris: \u00c9ditions M\u00e9taili\u00e9, 1985.<\/p>\n<p>CHARAUDEAU, P. Les m\u00e9dias et l\u2019information, Bruxelles : Editions De Boeck Universit\u00e9, 2005. De Saussure aux m\u00e9dia: th\u00e9orie, m\u00e9thodes, discours<\/p>\n<p>GILROY, P. The Black Atlantic: Modernity and Double Consciousness, Massachusetts, Harvard University Press, 1993<\/p>\n<p>GILLESPIE, M and Jason Toynbee. Analysing Media Texts. Maidenhead, Berkshire, England: Open University Press in association with the Open University, 2006.<\/p>\n<p>GOTTLIEB, R. Reading Jazz. A Gathering of Autobiography, Reportage and Criticism from 1919 to Now<\/p>\n<p>LONGHURST, B. Popular Music and Society. Cambridge: Polity Press, 1995<\/p>\n<p>NICHOLSON, S. Is Jazz Dead? (or has it moved to a new address?) Etudes culturelles\/ Sociologie \/ Anthropologie culturelle<\/p>\n<p>TRIGANO, S. La nouvelle id\u00e9ologie dominante<\/p>\n<p>WOLLON, D. L\u2019autre mondialisation. Flammarion Champs Essais, 2010.Linguistique et Analyse du discours<\/p>\n","protected":false},"excerpt":{"rendered":"<p>Alexandra Papuc, Universit\u00e9 de Bourgogne, France Keywords jazz, identit\u00e9 culturelle, analyse de discours, postmodernisme, st\u00e9r\u00e9otypes Abstract Le jazz est une musique \u00e0 l\u2019encontre des cultures avec une histoire qui a marqu\u00e9 sa perception culturelle et identitaire \u00e0 tel point que sa r\u00e9appropriation est devenue sujet de d\u00e9bat dans la presse \u00e9crite. Ses transformations vont au&hellip;<\/p>\n","protected":false},"author":3223,"featured_media":0,"parent":0,"menu_order":0,"comment_status":"closed","ping_status":"closed","template":"","meta":{"_exactmetrics_skip_tracking":false,"_exactmetrics_sitenote_active":false,"_exactmetrics_sitenote_note":"","_exactmetrics_sitenote_category":0,"footnotes":""},"class_list":["post-678","page","type-page","status-publish","hentry"],"_links":{"self":[{"href":"https:\/\/blog.ube.fr\/aci2020\/wp-json\/wp\/v2\/pages\/678","targetHints":{"allow":["GET"]}}],"collection":[{"href":"https:\/\/blog.ube.fr\/aci2020\/wp-json\/wp\/v2\/pages"}],"about":[{"href":"https:\/\/blog.ube.fr\/aci2020\/wp-json\/wp\/v2\/types\/page"}],"author":[{"embeddable":true,"href":"https:\/\/blog.ube.fr\/aci2020\/wp-json\/wp\/v2\/users\/3223"}],"replies":[{"embeddable":true,"href":"https:\/\/blog.ube.fr\/aci2020\/wp-json\/wp\/v2\/comments?post=678"}],"version-history":[{"count":3,"href":"https:\/\/blog.ube.fr\/aci2020\/wp-json\/wp\/v2\/pages\/678\/revisions"}],"predecessor-version":[{"id":994,"href":"https:\/\/blog.ube.fr\/aci2020\/wp-json\/wp\/v2\/pages\/678\/revisions\/994"}],"wp:attachment":[{"href":"https:\/\/blog.ube.fr\/aci2020\/wp-json\/wp\/v2\/media?parent=678"}],"curies":[{"name":"wp","href":"https:\/\/api.w.org\/{rel}","templated":true}]}}