{"id":584,"date":"2021-01-28T19:01:07","date_gmt":"2021-01-28T18:01:07","guid":{"rendered":"http:\/\/blog.u-bourgogne.fr\/aci2020\/?page_id=584"},"modified":"2021-02-13T14:29:45","modified_gmt":"2021-02-13T13:29:45","slug":"young-scottish-party-members-discourses-about-national-identity","status":"publish","type":"page","link":"https:\/\/blog.ube.fr\/aci2020\/young-scottish-party-members-discourses-about-national-identity\/","title":{"rendered":"Young Scottish Party Members\u2019 Discourses about National Identity"},"content":{"rendered":"<p><span style=\"font-size: 12pt; font-family: helvetica, arial, sans-serif;\">Claire Breniaux &#8211; University of Burgundy, France<\/span><\/p>\n<p><a href=\"http:\/\/blog.ube.fr\/aci2020\/wp-content\/uploads\/sites\/122\/2021\/01\/Breniaux-slides.pdf\" target=\"_blank\" rel=\"noopener\">Presentation<\/a><\/p>\n<p><a href=\"http:\/\/blog.ube.fr\/aci2020\/wp-content\/uploads\/sites\/122\/2021\/01\/Breniaux-presentation-notes.pdf\" target=\"_blank\" rel=\"noopener\">Presentation Notes<\/a><\/p>\n<p><span style=\"font-size: 12pt;\"><strong>Keywords<\/strong><\/span><\/p>\n<p><span style=\"font-size: 12pt;\">National Identity, Political Ideology, Young Party Members, Nationalism, Scotland<\/span><\/p>\n<p><span style=\"font-size: 12pt;\"><strong>Abstract<\/strong><\/span><\/p>\n<p><span style=\"font-size: 12pt;\">Scotland\u2019s constitutional future as a part of the United Kingdom seems to be more than ever at stake. Since the campaign for the independence referendum and the referendum itself in 2014, several pro-independence demonstrations have taken place on Scottish streets. Each march is an opportunity for Scottish people to claim their demands for independence while flooding the streets with thousands of Scottish Saltires. As a nation\u2019s flag is a symbol that clearly refers to national identity, these demonstrations may be seen as a way of highlighting signs of Scottishness in the public sphere. Such \u201cflaggings\u201d (Billig, 1995) of Scotland may be viewed in different ways by scholars on the one hand and society as a whole on the other, as a gap is often identified between prevailing discourses about national identity within academia and those spread in society at large.Given that political actors play a part in the way in which national identity is seen in the public sphere, in order to reduce that gap it is necessary to try and identify politicians\u2019 understanding of the notion of national identity. As politicians were often involved in political parties when they were young and given that self-identification is part of the various processes that take place in youth, it may be useful to analyse how the members of youth and student wings of political parties see their identity and talk about it. This paper thus introduces an analysis of young Scottish National Party (SNP) members, Scottish Young Conservatives and Scottish Young Labour members\u2019 views of their national identity. More precisely, it sheds light on their definitions of the notion of national identity on the one hand and their understanding of Scottishness, Britishness and European identity on the other. Through empirical research that was recently conducted, this paper shows that young SNP members and, to a lesser extent, young Labour members, see Scottishness, Britishness and European identity through a socio-political lens (Leith, 2008, 2012), whereas young Scottish Conservatives tend to base their definitions on cultural views and arguments. Notably, it points out that Scottishness is treated by young nationalists as a kind of socio-political identity, based on civic values and socio-economic arguments, while young Conservatives tend to view it as a cultural identity. Through the identification of differences between the members of these youth and student wings of Scottish political parties with regard to national identity, this paper originally suggests that a link can be made between young party members\u2019 political ideology and their discourses about national identity.<\/span><\/p>\n<p><span style=\"font-size: 12pt;\"><strong>Bibliography<\/strong><\/span><\/p>\n<p><span style=\"font-size: 12pt;\">Bechhofer, F., and McCrone, D. (2009). National Identity, Nationalism and Constitutional Change. Basingstoke (GB), New York (NY): Palgrave Macmillan.<\/span><\/p>\n<p><span style=\"font-size: 12pt;\">Billig, M. (1995). Banal Nationalism. Los Angeles, London, New Delhi, Singapore and Washington DC: Sage.<\/span><\/p>\n<p><span style=\"font-size: 12pt;\">Breniaux, C. (2018). Young People, Nationalism and National Identity in Scotland. LUNN International Postgraduate Conference \u2018Nations and Nationalisms: Theories, Practices and Methods\u2019, Loughborough University, Loughborough, September 2018.<\/span><\/p>\n<p><span style=\"font-size: 12pt;\">Breniaux, C. (2018). Le Scottish National Party et l\u2019identit\u00e9 \u00e9cossaise : une relation singuli\u00e8re.<\/span><\/p>\n<p><span style=\"font-size: 12pt;\">TIL (EA 4182) Conference \u2018Processus de transformation et consolidation identitaires dans les soci\u00e9t\u00e9s europ\u00e9ennes et am\u00e9ricaines (XXe-XXIe si\u00e8cles)\u2019, University of Burgundy, Dijon, November 2018.<\/span><\/p>\n<p><span style=\"font-size: 12pt;\">Breniaux, C. (2019). National Identity and the Engagement of Young People in Scottish Political Parties\u2019 Youth Wings. Political Studies Association (PSA) Annual Conference, Nottingham Conference Centre, Nottingham, April 2019.<\/span><\/p>\n<p><span style=\"font-size: 12pt;\">Brown, A., McCrone, D., Paterson, L. Politics and Society in Scotland, Basingstoke, Macmillan Press, New York, St. Martin\u2019s Press, 1996.<\/span><\/p>\n<p><span style=\"font-size: 12pt;\">Bruter, M., and Harrison, S. (2009). Tomorrow\u2019s Leaders? Understanding the Involvement of Young Party Members in Six European Democracies. Comparative Political Studies, 42, 1259\u2013 1290.<\/span><\/p>\n<p><span style=\"font-size: 12pt;\">Gauja, A and van Haute, E. (2014). Members and Activists of Political Parties in Comparative Perspective. Paper prepared for the IPSA World Congress of Political Science \u2013 Panel \u2018What is party membership?\u2019, Montr\u00e9al.<\/span><\/p>\n<p><span style=\"font-size: 12pt;\">Henderson, A. (1999). Political Constructions of National Identity in Scotland and Quebec. Scottish Affairs, 29(1), 121-138.<\/span><\/p>\n<p><span style=\"font-size: 12pt;\">Henderson, A., and McEwen, N. (2005). Do Shared Values Underpin National Identity? Examining the Role of Values in National Identity in Canada and the United Kingdom. National Identities, 7(2), 173-191.<\/span><\/p>\n<p><span style=\"font-size: 12pt;\">Ichijo, A., Fox, J. E., Aughey, A., McCrone, D., and Bechhofer, F. (2017). Debate on Understanding National Identity by David McCrone and Frank Bechhofer. Nations and Nationalisms, 23(3), 441-462.<\/span><\/p>\n<p><span style=\"font-size: 12pt;\">Leith, M.S. (2008). Scottish National Party Representations of Scottishness and Scotland. Politics, 28(2), 83-92.Leith, M.S., and Soule, D.P.J. (2012). Political Discourse and National Identity in Scotland. Edinburgh: Edinburgh University Press.<\/span><\/p>\n<p><span style=\"font-size: 12pt;\">McCrone, D., and F. Bechhofer. (2015). Understanding National Identity. Cambridge: Cambridge University Press.<\/span><\/p>\n<p><span style=\"font-size: 12pt;\">Skey, M and Antonsich, M. (2017). Everyday Nationhood. Theorising Culture, Identity and Belonging. London: Palgrave Macmillan.<\/span><\/p>\n","protected":false},"excerpt":{"rendered":"<p>Claire Breniaux &#8211; University of Burgundy, France Presentation Presentation Notes Keywords National Identity, Political Ideology, Young Party Members, Nationalism, Scotland Abstract Scotland\u2019s constitutional future as a part of the United Kingdom seems to be more than ever at stake. Since the campaign for the independence referendum and the referendum itself in 2014, several pro-independence demonstrations&hellip;<\/p>\n","protected":false},"author":3223,"featured_media":0,"parent":0,"menu_order":0,"comment_status":"closed","ping_status":"closed","template":"","meta":{"_exactmetrics_skip_tracking":false,"_exactmetrics_sitenote_active":false,"_exactmetrics_sitenote_note":"","_exactmetrics_sitenote_category":0,"footnotes":""},"class_list":["post-584","page","type-page","status-publish","hentry"],"_links":{"self":[{"href":"https:\/\/blog.ube.fr\/aci2020\/wp-json\/wp\/v2\/pages\/584","targetHints":{"allow":["GET"]}}],"collection":[{"href":"https:\/\/blog.ube.fr\/aci2020\/wp-json\/wp\/v2\/pages"}],"about":[{"href":"https:\/\/blog.ube.fr\/aci2020\/wp-json\/wp\/v2\/types\/page"}],"author":[{"embeddable":true,"href":"https:\/\/blog.ube.fr\/aci2020\/wp-json\/wp\/v2\/users\/3223"}],"replies":[{"embeddable":true,"href":"https:\/\/blog.ube.fr\/aci2020\/wp-json\/wp\/v2\/comments?post=584"}],"version-history":[{"count":14,"href":"https:\/\/blog.ube.fr\/aci2020\/wp-json\/wp\/v2\/pages\/584\/revisions"}],"predecessor-version":[{"id":986,"href":"https:\/\/blog.ube.fr\/aci2020\/wp-json\/wp\/v2\/pages\/584\/revisions\/986"}],"wp:attachment":[{"href":"https:\/\/blog.ube.fr\/aci2020\/wp-json\/wp\/v2\/media?parent=584"}],"curies":[{"name":"wp","href":"https:\/\/api.w.org\/{rel}","templated":true}]}}