{"id":566,"date":"2021-01-28T18:52:37","date_gmt":"2021-01-28T17:52:37","guid":{"rendered":"http:\/\/blog.u-bourgogne.fr\/aci2020\/?page_id=566"},"modified":"2021-01-28T18:52:37","modified_gmt":"2021-01-28T17:52:37","slug":"framing-fear-twitter-media-coverage-around-an-intercultural-conflict-breaking-news","status":"publish","type":"page","link":"https:\/\/blog.ube.fr\/aci2020\/framing-fear-twitter-media-coverage-around-an-intercultural-conflict-breaking-news\/","title":{"rendered":"Framing fear: Twitter media coverage around an intercultural conflict breaking news"},"content":{"rendered":"<p>Amaranta Alfaro Muirhead &#8211;\u00a0Universidad del Desarrollo &#8211; Centre for Social Conflict and Cohesion Studies (COES), Chile<\/p>\n<p>Eileen\u00a0Hudson Frias &#8211;\u00a0Universidad del Desarrollo, Chile<\/p>\n<p>Leo Ferres\u00a0&#8211;\u00a0Istituto Data Science &#8211; Universidad del Desarrollo, Chile<\/p>\n<p><strong>Keywords<\/strong><\/p>\n<p>Mapuche, Twitter, public sphere, fear filter, framing, breaking news, mass media<\/p>\n<p><span><strong>Abstract<\/strong><\/span><\/p>\n<p><span>According to the propaganda model, coined by Herman &amp; Chomsky (2008) fear -the fifth filter of the model- in the form of \u201cterrorism\u201d has a great political utility and is used as a control mechanism, where mass media plays a crucial role in its propagation. In this sense the \u201cfear filter\u201d plays a central part in the news coverage on the Mapuche conflict -between the Chilean State and the Mapuche people- where this ethnic group has been framed as \u201cterrorist\u201d, especially since 2016 attacks against churches, trucks, machinery, where posters alluding the Mapuche cause were found. The focus of this research is to explore how the main Chilean media outlet refer to the Mapuche people and an intercultural conflict on Twitter taking as case study a breaking news event: the killing of a comunero Mapuche\u00b4s by a shot in the back of his neck during a police raid conducted by a special unit of policemen -known as Comando Jungla (in English Jungle Commando)- in an operation carried out in the Temucuicui area, in the Araucan\u00eda region. The goal is to recognize the main topics of the tweets generated by mass media on Twitter, and identify the presence of the mentioned \u201cfear filter\u201d frame. In order to do this, we will analyze the tweets on this breaking news event<\/span><\/p>\n<p><strong>Bibliography<\/strong><\/p>\n<p>Altheide, D. L. (2006). Terrorism and the Politics of Fear. Cultural Studies? Critical Methodologies, 6(4), 415-439.<\/p>\n<p>Arcila Calder\u00f3n, C., Barbosa Caro, E. &amp; Aguaded, I. (2019). Modeling and Diffusion of News Topics in Social Media: Features and factors of the Emergence of News in a Twitter Informative Channel. Comunicaci\u00f3n y Sociedad, e6437. DOI: https:\/\/doi.org\/10.32870\/cys.v2019i0.6437<\/p>\n<p>Aruguete, N. (2015). El poder de la agenda: pol\u00edtica, medios y p\u00fablico. Buenos Aires: Biblos.<\/p>\n<p>Bruns, A. (2018). Gatewatching and news curation: Journalism, social media, and the public sphere. Peter Lang.<\/p>\n<p>Bruns, A., &amp; Burgess, J. (2012). Researching news discussion on Twitter: New methodologies. Journalism Studies, 13(5-6), 801-814.<\/p>\n<p>Caldevilla, D. (2013). El papel de la prensa escrita como agente socializador. adComunica, 6, 205-222.<\/p>\n<p>CNTV (2017). IX Encuesta Nacional de Televisi\u00f3n. Retrieved from<\/p>\n<p>https:\/\/www.cntv.cl\/cntv\/site\/artic\/20171012\/asocfile\/20171012113231\/ix_encuesta_nacional_de_televisi__n_2017.pdf<\/p>\n<p>Del Valle, C. (2012). Interculturalidad e intraculturalidad en el discurso de la prensa: Cobertura y tratamiento del discurso de las fuentes en el \u201cconflicto ind\u00edgena mapuche\u201d, desde el discurso pol\u00edtico. Revista de Estudios para el Desarrollo Social de la Comunicaci\u00f3n, 1(2).<\/p>\n<p>Elejalde, E., Ferres, L., &amp; Herder, E. (2018). On the nature of real and perceived bias in the mainstream media. PloS one, 13(3), e0193765.<\/p>\n<p>Elejalde, E., Ferres, L., Herder, E., &amp; Bollen, J. (2018). Quantifying the ecological diversity and health of online news. Journal of computational science, 27, 218-226.<\/p>\n<p>Elejalde, E., Ferres, L., &amp; Schifanella, R. (2019). Understanding news outlets\u2019 audience-targeting patterns. EPJ Data Science, 8(1), 16.<\/p>\n<p>Entman, R. (1993). Framing: Towards clarification of a fractured paradigm. Journal of Communication, 43(4) 51-58.<\/p>\n<p>Gomis, L. (1991). Teor\u00eda del periodismo: c\u00f3mo se forma el presente. Barcelona: Paid\u00f3s.<\/p>\n<p>Herman, E. S., &amp; Chomsky, N. (2008). Manufacturing Consent: The Political Economy of the Mass Media. Random House.<\/p>\n<p>Hilbert, M., V\u00e1squez, J., Halpern, D., Valenzuela, S., &amp; Arriagada, E. (2017). One step, two step, network step? Complementary perspectives on communication flows in Twittered citizen protests. Social Science Computer Review, 35(4), 444-461.<\/p>\n<p>Hudson, E. &amp; Dussaillant, F. (2018). The conflict between the State of Chile and the Mapuche people in the national and regional Chilean press (2014-2016). Communication &amp; Society, 31(4), 243-255.<\/p>\n<p>Mart\u00edn-Serrano, M. (1977). La Mediaci\u00f3n Social. Madrid: Akal.<\/p>\n<p>McNair, B. (2000). Journalism and Democracy. London: Routledge.<\/p>\n<p>Noguera-Vivo, J. M. (2013). Redes sociales m\u00f3viles y contenido generado por el usuario. In La comunicaci\u00f3n m\u00f3vil: hacia un nuevo ecosistema digital (pp. 239-256). Gedisa.<\/p>\n<p>Pond, P., &amp; Lewis, J. (2019). Riots and Twitter: connective politics, social media and framing discourses in the digital public sphere. Information, Communication &amp; Society, 22(2), 213-231.<\/p>\n<p>Roberts, D. (1972). The nature of communication effects. The Process and Effects of Mass Communication. Chicago: University of Illinois Press.<\/p>\n<p>Robinson, P. (2015). The Propaganda Model: Still Relevant Today? In Noam Chomsky (pp. 77-96). Palgrave Macmillan, London.<\/p>\n<p>Van Dijk, T. A. (2013). News as discourse. London: Routledge.<\/p>\n<p>Vis, F. (2013). Twitter as a reporting tool for breaking news: Journalists tweeting the 2011 UK riots. Digital journalism, 1(1), 27-47.<\/p>\n<p>&nbsp;<\/p>\n<p>&nbsp;<\/p>\n","protected":false},"excerpt":{"rendered":"<p>Amaranta Alfaro Muirhead &#8211;\u00a0Universidad del Desarrollo &#8211; Centre for Social Conflict and Cohesion Studies (COES), Chile Eileen\u00a0Hudson Frias &#8211;\u00a0Universidad del Desarrollo, Chile Leo Ferres\u00a0&#8211;\u00a0Istituto Data Science &#8211; Universidad del Desarrollo, Chile Keywords Mapuche, Twitter, public sphere, fear filter, framing, breaking news, mass media Abstract According to the propaganda model, coined by Herman &amp; Chomsky (2008)&hellip;<\/p>\n","protected":false},"author":3223,"featured_media":0,"parent":0,"menu_order":0,"comment_status":"closed","ping_status":"closed","template":"","meta":{"_exactmetrics_skip_tracking":false,"_exactmetrics_sitenote_active":false,"_exactmetrics_sitenote_note":"","_exactmetrics_sitenote_category":0,"footnotes":""},"class_list":["post-566","page","type-page","status-publish","hentry"],"_links":{"self":[{"href":"https:\/\/blog.ube.fr\/aci2020\/wp-json\/wp\/v2\/pages\/566","targetHints":{"allow":["GET"]}}],"collection":[{"href":"https:\/\/blog.ube.fr\/aci2020\/wp-json\/wp\/v2\/pages"}],"about":[{"href":"https:\/\/blog.ube.fr\/aci2020\/wp-json\/wp\/v2\/types\/page"}],"author":[{"embeddable":true,"href":"https:\/\/blog.ube.fr\/aci2020\/wp-json\/wp\/v2\/users\/3223"}],"replies":[{"embeddable":true,"href":"https:\/\/blog.ube.fr\/aci2020\/wp-json\/wp\/v2\/comments?post=566"}],"version-history":[{"count":6,"href":"https:\/\/blog.ube.fr\/aci2020\/wp-json\/wp\/v2\/pages\/566\/revisions"}],"predecessor-version":[{"id":787,"href":"https:\/\/blog.ube.fr\/aci2020\/wp-json\/wp\/v2\/pages\/566\/revisions\/787"}],"wp:attachment":[{"href":"https:\/\/blog.ube.fr\/aci2020\/wp-json\/wp\/v2\/media?parent=566"}],"curies":[{"name":"wp","href":"https:\/\/api.w.org\/{rel}","templated":true}]}}